{"id":109136,"date":"2025-02-21T11:17:50","date_gmt":"2025-02-21T10:17:50","guid":{"rendered":"https:\/\/truckdoctor.nl\/product\/zf-8472955584\/"},"modified":"2025-02-21T11:17:50","modified_gmt":"2025-02-21T10:17:50","slug":"zf-8472955584","status":"publish","type":"product","link":"https:\/\/truckdoctor.nl\/pl\/produkt\/zf-8472955584\/","title":{"rendered":"ZF 8472955584"},"content":{"rendered":"<p>Orbitrol:<\/p>\n<div class=\"tss-1ng522i-DefinitionList-definitionWrapper\">\n<div class=\"tss-17n4j6v-DefinitionList-definitionsItem\"><span class=\"tss-1-Typography-weightEmphasis-ref tss-mjilgg-Typography-root-Typography-weightEmphasis-DefinitionKey-content-Typography-body500\">Typ Orbitrol TY-ORB: <\/span><span class=\"tss-1-Typography-weightRegular-ref tss-ro1vgz-Typography-root-Typography-weightRegular-DefinitionValue-content-Typography-body500\">przy\u0142\u0105cze boczne<\/span><\/div>\n<hr class=\"MuiDivider-root MuiDivider-fullWidth tss-1pam8iy-Divider-root-Divider-horizontal mui-39bbo6\">\n<\/div>\n<div class=\"tss-1ng522i-DefinitionList-definitionWrapper\">\n<div class=\"tss-17n4j6v-DefinitionList-definitionsItem\"><span class=\"tss-1-Typography-weightEmphasis-ref tss-mjilgg-Typography-root-Typography-weightEmphasis-DefinitionKey-content-Typography-body500\">D\u0142ugo\u015b\u0107 ca\u0142kowita L1 (mm): <\/span><span class=\"tss-1-Typography-weightRegular-ref tss-ro1vgz-Typography-root-Typography-weightRegular-DefinitionValue-content-Typography-body500\">150<\/span><\/div>\n<hr class=\"MuiDivider-root MuiDivider-fullWidth tss-1pam8iy-Divider-root-Divider-horizontal mui-39bbo6\">\n<\/div>\n<div class=\"tss-1ng522i-DefinitionList-definitionWrapper\">\n<div class=\"tss-17n4j6v-DefinitionList-definitionsItem\"><span class=\"tss-1-Typography-weightEmphasis-ref tss-mjilgg-Typography-root-Typography-weightEmphasis-DefinitionKey-content-Typography-body500\">Szeroko\u015b\u0107 B (mm): <\/span><span class=\"tss-1-Typography-weightRegular-ref tss-ro1vgz-Typography-root-Typography-weightRegular-DefinitionValue-content-Typography-body500\">91<\/span><\/div>\n<hr class=\"MuiDivider-root MuiDivider-fullWidth tss-1pam8iy-Divider-root-Divider-horizontal mui-39bbo6\">\n<\/div>\n<div class=\"tss-1ng522i-DefinitionList-definitionWrapper\">\n<div class=\"tss-17n4j6v-DefinitionList-definitionsItem\"><span class=\"tss-1-Typography-weightEmphasis-ref tss-mjilgg-Typography-root-Typography-weightEmphasis-DefinitionKey-content-Typography-body500\">Wysoko\u015b\u0107 H (mm): <\/span><span class=\"tss-1-Typography-weightRegular-ref tss-ro1vgz-Typography-root-Typography-weightRegular-DefinitionValue-content-Typography-body500\">105<\/span><\/div>\n<hr class=\"MuiDivider-root MuiDivider-fullWidth tss-1pam8iy-Divider-root-Divider-horizontal mui-39bbo6\">\n<\/div>\n<div class=\"tss-1ng522i-DefinitionList-definitionWrapper\">\n<div class=\"tss-17n4j6v-DefinitionList-definitionsItem\"><span class=\"tss-1-Typography-weightEmphasis-ref tss-mjilgg-Typography-root-Typography-weightEmphasis-DefinitionKey-content-Typography-body500\">\u015arednica D1 (mm): <\/span><span class=\"tss-1-Typography-weightRegular-ref tss-ro1vgz-Typography-root-Typography-weightRegular-DefinitionValue-content-Typography-body500\">86<\/span><\/div>\n<hr class=\"MuiDivider-root MuiDivider-fullWidth tss-1pam8iy-Divider-root-Divider-horizontal mui-39bbo6\">\n<\/div>\n<div class=\"tss-1ng522i-DefinitionList-definitionWrapper\">\n<div class=\"tss-17n4j6v-DefinitionList-definitionsItem\"><span class=\"tss-1-Typography-weightEmphasis-ref tss-mjilgg-Typography-root-Typography-weightEmphasis-DefinitionKey-content-Typography-body500\">D\u0142ugo\u015b\u0107 L2 (mm): <\/span><span class=\"tss-1-Typography-weightRegular-ref tss-ro1vgz-Typography-root-Typography-weightRegular-DefinitionValue-content-Typography-body500\">16<\/span><\/div>\n<hr class=\"MuiDivider-root MuiDivider-fullWidth tss-1pam8iy-Divider-root-Divider-horizontal mui-39bbo6\">\n<\/div>\n<div class=\"tss-1ng522i-DefinitionList-definitionWrapper\">\n<div class=\"tss-17n4j6v-DefinitionList-definitionsItem\"><span class=\"tss-1-Typography-weightEmphasis-ref tss-mjilgg-Typography-root-Typography-weightEmphasis-DefinitionKey-content-Typography-body500\">Liczba fal AC: <\/span><span class=\"tss-1-Typography-weightRegular-ref tss-ro1vgz-Typography-root-Typography-weightRegular-DefinitionValue-content-Typography-body500\">12<\/span><\/div>\n<hr class=\"MuiDivider-root MuiDivider-fullWidth tss-1pam8iy-Divider-root-Divider-horizontal mui-39bbo6\">\n<\/div>\n<div class=\"tss-1ng522i-DefinitionList-definitionWrapper\">\n<div class=\"tss-17n4j6v-DefinitionList-definitionsItem\"><span class=\"tss-1-Typography-weightEmphasis-ref tss-mjilgg-Typography-root-Typography-weightEmphasis-DefinitionKey-content-Typography-body500\">\u015arednica D2 (mm): <\/span><span class=\"tss-1-Typography-weightRegular-ref tss-ro1vgz-Typography-root-Typography-weightRegular-DefinitionValue-content-Typography-body500\">17<\/span><\/div>\n<hr class=\"MuiDivider-root MuiDivider-fullWidth tss-1pam8iy-Divider-root-Divider-horizontal mui-39bbo6\">\n<\/div>\n<div class=\"tss-1ng522i-DefinitionList-definitionWrapper\">\n<div class=\"tss-17n4j6v-DefinitionList-definitionsItem\"><span class=\"tss-1-Typography-weightEmphasis-ref tss-mjilgg-Typography-root-Typography-weightEmphasis-DefinitionKey-content-Typography-body500\">Liczba po\u0142\u0105cze\u0144 AT-AS: <\/span><span class=\"tss-1-Typography-weightRegular-ref tss-ro1vgz-Typography-root-Typography-weightRegular-DefinitionValue-content-Typography-body500\">5<\/span><\/div>\n<hr class=\"MuiDivider-root MuiDivider-fullWidth tss-1pam8iy-Divider-root-Divider-horizontal mui-39bbo6\">\n<\/div>\n<div class=\"tss-1ng522i-DefinitionList-definitionWrapper\">\n<div class=\"tss-17n4j6v-DefinitionList-definitionsItem\"><span class=\"tss-1-Typography-weightEmphasis-ref tss-mjilgg-Typography-root-Typography-weightEmphasis-DefinitionKey-content-Typography-body500\">Rodzaj gwintu TA1: <\/span><span class=\"tss-1-Typography-weightRegular-ref tss-ro1vgz-Typography-root-Typography-weightRegular-DefinitionValue-content-Typography-body500\">M18<\/span><\/div>\n<hr class=\"MuiDivider-root MuiDivider-fullWidth tss-1pam8iy-Divider-root-Divider-horizontal mui-39bbo6\">\n<\/div>\n<div class=\"tss-1ng522i-DefinitionList-definitionWrapper\">\n<div class=\"tss-17n4j6v-DefinitionList-definitionsItem\"><span class=\"tss-1-Typography-weightEmphasis-ref tss-mjilgg-Typography-root-Typography-weightEmphasis-DefinitionKey-content-Typography-body500\">Dopasowanie metryczne Pm1 (mm): <\/span><span class=\"tss-1-Typography-weightRegular-ref tss-ro1vgz-Typography-root-Typography-weightRegular-DefinitionValue-content-Typography-body500\">1,5<\/span><\/div>\n<hr class=\"MuiDivider-root MuiDivider-fullWidth tss-1pam8iy-Divider-root-Divider-horizontal mui-39bbo6\">\n<\/div>\n<div class=\"tss-1ng522i-DefinitionList-definitionWrapper\">\n<div class=\"tss-17n4j6v-DefinitionList-definitionsItem\"><span class=\"tss-1-Typography-weightEmphasis-ref tss-mjilgg-Typography-root-Typography-weightEmphasis-DefinitionKey-content-Typography-body500\">Rodzaj gwintu TA2: <\/span><span class=\"tss-1-Typography-weightRegular-ref tss-ro1vgz-Typography-root-Typography-weightRegular-DefinitionValue-content-Typography-body500\">M8<\/span><\/div>\n<hr class=\"MuiDivider-root MuiDivider-fullWidth tss-1pam8iy-Divider-root-Divider-horizontal mui-39bbo6\">\n<\/div>\n<div class=\"tss-1ng522i-DefinitionList-definitionWrapper\">\n<div class=\"tss-17n4j6v-DefinitionList-definitionsItem\"><span class=\"tss-1-Typography-weightEmphasis-ref tss-mjilgg-Typography-root-Typography-weightEmphasis-DefinitionKey-content-Typography-body500\">Dostosuj metryczne Pm2 (mm): <\/span><span class=\"tss-1-Typography-weightRegular-ref tss-ro1vgz-Typography-root-Typography-weightRegular-DefinitionValue-content-Typography-body500\">1<\/span><\/div>\n<hr class=\"MuiDivider-root MuiDivider-fullWidth tss-1pam8iy-Divider-root-Divider-horizontal mui-39bbo6\">\n<\/div>\n<div class=\"tss-1ng522i-DefinitionList-definitionWrapper\">\n<div class=\"tss-17n4j6v-DefinitionList-definitionsItem\"><span class=\"tss-1-Typography-weightEmphasis-ref tss-mjilgg-Typography-root-Typography-weightEmphasis-DefinitionKey-content-Typography-body500\">Rodzaj gwintu TA4: <\/span><span class=\"tss-1-Typography-weightRegular-ref tss-ro1vgz-Typography-root-Typography-weightRegular-DefinitionValue-content-Typography-body500\">M8<\/span><\/div>\n<hr class=\"MuiDivider-root MuiDivider-fullWidth tss-1pam8iy-Divider-root-Divider-horizontal mui-39bbo6\">\n<\/div>\n<div class=\"tss-1ng522i-DefinitionList-definitionWrapper\">\n<div class=\"tss-17n4j6v-DefinitionList-definitionsItem\"><span class=\"tss-1-Typography-weightEmphasis-ref tss-mjilgg-Typography-root-Typography-weightEmphasis-DefinitionKey-content-Typography-body500\">Dopasowanie metryczne Pm4 (mm): <\/span><span class=\"tss-1-Typography-weightRegular-ref tss-ro1vgz-Typography-root-Typography-weightRegular-DefinitionValue-content-Typography-body500\">1,25<\/span><\/div>\n<hr class=\"MuiDivider-root MuiDivider-fullWidth tss-1pam8iy-Divider-root-Divider-horizontal mui-39bbo6\">\n<\/div>\n<div class=\"tss-1ng522i-DefinitionList-definitionWrapper\">\n<div class=\"tss-17n4j6v-DefinitionList-definitionsItem\"><span class=\"tss-1-Typography-weightEmphasis-ref tss-mjilgg-Typography-root-Typography-weightEmphasis-DefinitionKey-content-Typography-body500\">Rozstaw osi C (mm): <\/span><span class=\"tss-1-Typography-weightRegular-ref tss-ro1vgz-Typography-root-Typography-weightRegular-DefinitionValue-content-Typography-body500\">59<\/span><\/div>\n<hr class=\"MuiDivider-root MuiDivider-fullWidth tss-1pam8iy-Divider-root-Divider-horizontal mui-39bbo6\">\n<\/div>\n<div class=\"tss-1ng522i-DefinitionList-definitionWrapper\">\n<div class=\"tss-17n4j6v-DefinitionList-definitionsItem\"><span class=\"tss-1-Typography-weightEmphasis-ref tss-mjilgg-Typography-root-Typography-weightEmphasis-DefinitionKey-content-Typography-body500\">Rodzaj gwintu TA5: <\/span><span class=\"tss-1-Typography-weightRegular-ref tss-ro1vgz-Typography-root-Typography-weightRegular-DefinitionValue-content-Typography-body500\">M10<\/span><\/div>\n<hr class=\"MuiDivider-root MuiDivider-fullWidth tss-1pam8iy-Divider-root-Divider-horizontal mui-39bbo6\">\n<\/div>\n<div class=\"tss-1ng522i-DefinitionList-definitionWrapper\">\n<div class=\"tss-17n4j6v-DefinitionList-definitionsItem\"><span class=\"tss-1-Typography-weightEmphasis-ref tss-mjilgg-Typography-root-Typography-weightEmphasis-DefinitionKey-content-Typography-body500\">Dostosuj metryczne Pm5 (mm): <\/span><span class=\"tss-1-Typography-weightRegular-ref tss-ro1vgz-Typography-root-Typography-weightRegular-DefinitionValue-content-Typography-body500\">1,5<\/span><\/div>\n<hr class=\"MuiDivider-root MuiDivider-fullWidth tss-1pam8iy-Divider-root-Divider-horizontal mui-39bbo6\">\n<\/div>\n<div class=\"tss-1ng522i-DefinitionList-definitionWrapper\">\n<div class=\"tss-17n4j6v-DefinitionList-definitionsItem\"><span class=\"tss-1-Typography-weightEmphasis-ref tss-mjilgg-Typography-root-Typography-weightEmphasis-DefinitionKey-content-Typography-body500\">Waga: <\/span><span class=\"tss-1-Typography-weightRegular-ref tss-ro1vgz-Typography-root-Typography-weightRegular-DefinitionValue-content-Typography-body500\">6.985<\/span><\/div>\n<\/div>\n","protected":false},"excerpt":{"rendered":"<p>ZF 8472955584<\/p>\n","protected":false},"featured_media":109118,"template":"","meta":{"_et_pb_use_builder":"","_et_pb_old_content":"","_et_gb_content_width":"","inline_featured_image":false},"product_brand":[],"product_cat":[318],"product_tag":[254],"class_list":{"0":"post-109136","1":"product","2":"type-product","3":"status-publish","4":"has-post-thumbnail","6":"product_cat-webshop-pl","7":"product_tag-sprzedaz","9":"first","10":"outofstock","11":"sale","12":"taxable","13":"shipping-taxable","14":"purchasable","15":"product-type-simple"},"_links":{"self":[{"href":"https:\/\/truckdoctor.nl\/pl\/wp-json\/wp\/v2\/product\/109136","targetHints":{"allow":["GET"]}}],"collection":[{"href":"https:\/\/truckdoctor.nl\/pl\/wp-json\/wp\/v2\/product"}],"about":[{"href":"https:\/\/truckdoctor.nl\/pl\/wp-json\/wp\/v2\/types\/product"}],"wp:featuredmedia":[{"embeddable":true,"href":"https:\/\/truckdoctor.nl\/pl\/wp-json\/wp\/v2\/media\/109118"}],"wp:attachment":[{"href":"https:\/\/truckdoctor.nl\/pl\/wp-json\/wp\/v2\/media?parent=109136"}],"wp:term":[{"taxonomy":"product_brand","embeddable":true,"href":"https:\/\/truckdoctor.nl\/pl\/wp-json\/wp\/v2\/product_brand?post=109136"},{"taxonomy":"product_cat","embeddable":true,"href":"https:\/\/truckdoctor.nl\/pl\/wp-json\/wp\/v2\/product_cat?post=109136"},{"taxonomy":"product_tag","embeddable":true,"href":"https:\/\/truckdoctor.nl\/pl\/wp-json\/wp\/v2\/product_tag?post=109136"}],"curies":[{"name":"wp","href":"https:\/\/api.w.org\/{rel}","templated":true}]}}