{"id":106251,"date":"2016-07-04T11:01:25","date_gmt":"2016-07-04T10:01:25","guid":{"rendered":"https:\/\/truckdoctor.nl\/product\/zapi-h2\/"},"modified":"2016-07-04T11:01:25","modified_gmt":"2016-07-04T10:01:25","slug":"zapi-h2","status":"publish","type":"product","link":"https:\/\/truckdoctor.nl\/pl\/produkt\/zapi-h2\/","title":{"rendered":"Zapi H2"},"content":{"rendered":"<p>Ta p\u0142yta steruj\u0105ca jest u\u017cywana w uk\u0142adzie kontroli jazdy MOSFET Zapi H2: 48V 400A.<br \/>Naprawa lub wymiana (je\u015bli jest w magazynie)<\/p>\n","protected":false},"excerpt":{"rendered":"<p>Numer artyku\u0142u: FH2139<\/p>\n","protected":false},"featured_media":102818,"template":"","meta":{"_et_pb_use_builder":"","_et_pb_old_content":"","_et_gb_content_width":"","inline_featured_image":false},"product_brand":[],"product_cat":[667,509],"product_tag":[253],"class_list":{"0":"post-106251","1":"product","2":"type-product","3":"status-publish","4":"has-post-thumbnail","6":"product_cat-reparatie-pl","7":"product_cat-zapi-pl","8":"product_tag-naprawa","10":"first","11":"instock","12":"taxable","13":"shipping-taxable","14":"purchasable","15":"product-type-simple"},"_links":{"self":[{"href":"https:\/\/truckdoctor.nl\/pl\/wp-json\/wp\/v2\/product\/106251","targetHints":{"allow":["GET"]}}],"collection":[{"href":"https:\/\/truckdoctor.nl\/pl\/wp-json\/wp\/v2\/product"}],"about":[{"href":"https:\/\/truckdoctor.nl\/pl\/wp-json\/wp\/v2\/types\/product"}],"wp:featuredmedia":[{"embeddable":true,"href":"https:\/\/truckdoctor.nl\/pl\/wp-json\/wp\/v2\/media\/102818"}],"wp:attachment":[{"href":"https:\/\/truckdoctor.nl\/pl\/wp-json\/wp\/v2\/media?parent=106251"}],"wp:term":[{"taxonomy":"product_brand","embeddable":true,"href":"https:\/\/truckdoctor.nl\/pl\/wp-json\/wp\/v2\/product_brand?post=106251"},{"taxonomy":"product_cat","embeddable":true,"href":"https:\/\/truckdoctor.nl\/pl\/wp-json\/wp\/v2\/product_cat?post=106251"},{"taxonomy":"product_tag","embeddable":true,"href":"https:\/\/truckdoctor.nl\/pl\/wp-json\/wp\/v2\/product_tag?post=106251"}],"curies":[{"name":"wp","href":"https:\/\/api.w.org\/{rel}","templated":true}]}}