{"id":106204,"date":"2016-03-02T17:53:42","date_gmt":"2016-03-02T16:53:42","guid":{"rendered":"https:\/\/truckdoctor.nl\/product\/3903606331-1\/"},"modified":"2016-03-02T17:53:42","modified_gmt":"2016-03-02T16:53:42","slug":"3903606331-1","status":"publish","type":"product","link":"https:\/\/truckdoctor.nl\/pl\/produkt\/3903606331-1\/","title":{"rendered":"3903606331"},"content":{"rendered":"<p>LDC-40\/10 CE03<br \/>\nModu\u0142 naprawczy lub wymienny.<br \/>\nNumery artyku\u0142\u00f3w: 3903606331, 3903606319, 3903607719, 3903607731, 3903606348, 3903607748, 3903606347, 3903606381, 3903607747, 3903607781, 3903606346, 3903601300, 3903607746, 3903604300, 3903601310, 3903604310 Od s\/n:H2X335P00699, wersja japo\u0144ska 10 km\/h. URZ\u0104DZENIE MO\u017bNA USTAWI\u0106 NA 15 KM\/H ! Demonta\u017c ogranicznika pr\u0119dko\u015bci jest opcjonalny.<\/p>\n","protected":false},"excerpt":{"rendered":"<p>Linde 3903606331<\/p>\n","protected":false},"featured_media":104381,"template":"","meta":{"_et_pb_use_builder":"","_et_pb_old_content":"","_et_gb_content_width":"","inline_featured_image":false},"product_brand":[],"product_cat":[280,667,470],"product_tag":[253],"class_list":{"0":"post-106204","1":"product","2":"type-product","3":"status-publish","4":"has-post-thumbnail","6":"product_cat-linde-pl","7":"product_cat-reparatie-pl","8":"product_cat-seria-335","9":"product_tag-naprawa","11":"first","12":"instock","13":"taxable","14":"shipping-taxable","15":"purchasable","16":"product-type-simple"},"_links":{"self":[{"href":"https:\/\/truckdoctor.nl\/pl\/wp-json\/wp\/v2\/product\/106204","targetHints":{"allow":["GET"]}}],"collection":[{"href":"https:\/\/truckdoctor.nl\/pl\/wp-json\/wp\/v2\/product"}],"about":[{"href":"https:\/\/truckdoctor.nl\/pl\/wp-json\/wp\/v2\/types\/product"}],"wp:featuredmedia":[{"embeddable":true,"href":"https:\/\/truckdoctor.nl\/pl\/wp-json\/wp\/v2\/media\/104381"}],"wp:attachment":[{"href":"https:\/\/truckdoctor.nl\/pl\/wp-json\/wp\/v2\/media?parent=106204"}],"wp:term":[{"taxonomy":"product_brand","embeddable":true,"href":"https:\/\/truckdoctor.nl\/pl\/wp-json\/wp\/v2\/product_brand?post=106204"},{"taxonomy":"product_cat","embeddable":true,"href":"https:\/\/truckdoctor.nl\/pl\/wp-json\/wp\/v2\/product_cat?post=106204"},{"taxonomy":"product_tag","embeddable":true,"href":"https:\/\/truckdoctor.nl\/pl\/wp-json\/wp\/v2\/product_tag?post=106204"}],"curies":[{"name":"wp","href":"https:\/\/api.w.org\/{rel}","templated":true}]}}