{"id":106183,"date":"2015-12-16T09:30:15","date_gmt":"2015-12-16T08:30:15","guid":{"rendered":"https:\/\/truckdoctor.nl\/product\/5801783\/"},"modified":"2025-07-03T11:29:55","modified_gmt":"2025-07-03T10:29:55","slug":"5801783","status":"publish","type":"product","link":"https:\/\/truckdoctor.nl\/pl\/produkt\/5801783\/","title":{"rendered":"ZAPI H-0"},"content":{"rendered":"<p>Zasady jazdy Zapi H0 24\/230. FH2120A.<br \/>\nStosowany w Lafis LEH16c, LEH20c. R\u00f3wnie\u017c w niekt\u00f3rych modelach Atlet.<br \/>\nNaprawa lub wymiana (je\u015bli jest w magazynie)  <\/p>\n","protected":false},"excerpt":{"rendered":"<p>Numer artyku\u0142u: 5801783<\/p>\n","protected":false},"featured_media":108953,"template":"","meta":{"_et_pb_use_builder":"","_et_pb_old_content":"","_et_gb_content_width":"","inline_featured_image":false},"product_brand":[],"product_cat":[620,621,622,667,509],"product_tag":[253],"class_list":{"0":"post-106183","1":"product","2":"type-product","3":"status-publish","4":"has-post-thumbnail","6":"product_cat-lafis-pl","7":"product_cat-leh16c-pl","8":"product_cat-leh20c-wieza-leh20c","9":"product_cat-reparatie-pl","10":"product_cat-zapi-pl","11":"product_tag-naprawa","13":"first","14":"instock","15":"taxable","16":"shipping-taxable","17":"purchasable","18":"product-type-simple"},"_links":{"self":[{"href":"https:\/\/truckdoctor.nl\/pl\/wp-json\/wp\/v2\/product\/106183","targetHints":{"allow":["GET"]}}],"collection":[{"href":"https:\/\/truckdoctor.nl\/pl\/wp-json\/wp\/v2\/product"}],"about":[{"href":"https:\/\/truckdoctor.nl\/pl\/wp-json\/wp\/v2\/types\/product"}],"wp:featuredmedia":[{"embeddable":true,"href":"https:\/\/truckdoctor.nl\/pl\/wp-json\/wp\/v2\/media\/108953"}],"wp:attachment":[{"href":"https:\/\/truckdoctor.nl\/pl\/wp-json\/wp\/v2\/media?parent=106183"}],"wp:term":[{"taxonomy":"product_brand","embeddable":true,"href":"https:\/\/truckdoctor.nl\/pl\/wp-json\/wp\/v2\/product_brand?post=106183"},{"taxonomy":"product_cat","embeddable":true,"href":"https:\/\/truckdoctor.nl\/pl\/wp-json\/wp\/v2\/product_cat?post=106183"},{"taxonomy":"product_tag","embeddable":true,"href":"https:\/\/truckdoctor.nl\/pl\/wp-json\/wp\/v2\/product_tag?post=106183"}],"curies":[{"name":"wp","href":"https:\/\/api.w.org\/{rel}","templated":true}]}}