{"id":106180,"date":"2015-12-14T08:36:56","date_gmt":"2015-12-14T07:36:56","guid":{"rendered":"https:\/\/truckdoctor.nl\/product\/0009460776\/"},"modified":"2025-07-03T11:29:55","modified_gmt":"2025-07-03T10:29:55","slug":"0009460776","status":"publish","type":"product","link":"https:\/\/truckdoctor.nl\/pl\/produkt\/0009460776\/","title":{"rendered":"Zestaw wska\u017anik\u00f3w Linde"},"content":{"rendered":"<p>Naprawa lub wymiana (je\u015bli jest w magazynie).<br \/>\nStosowany w<br \/>\nserii<br \/>\nLinde H12\/16\/18\/20 350-03 Seria<br \/>\nLinde H25\/30 351-04 Seria Linde H50\/60\/70\/80 353-03<\/p>\n","protected":false},"excerpt":{"rendered":"<p>Numer artyku\u0142u: 0009460776<br \/>\nZegar dwufunkcyjny<\/p>\n","protected":false},"featured_media":102766,"template":"","meta":{"_et_pb_use_builder":"","_et_pb_old_content":"","_et_gb_content_width":"","inline_featured_image":false},"product_brand":[],"product_cat":[280,667,379],"product_tag":[253],"class_list":{"0":"post-106180","1":"product","2":"type-product","3":"status-publish","4":"has-post-thumbnail","6":"product_cat-linde-pl","7":"product_cat-reparatie-pl","8":"product_cat-seria-350","9":"product_tag-naprawa","11":"first","12":"instock","13":"taxable","14":"shipping-taxable","15":"purchasable","16":"product-type-simple"},"_links":{"self":[{"href":"https:\/\/truckdoctor.nl\/pl\/wp-json\/wp\/v2\/product\/106180","targetHints":{"allow":["GET"]}}],"collection":[{"href":"https:\/\/truckdoctor.nl\/pl\/wp-json\/wp\/v2\/product"}],"about":[{"href":"https:\/\/truckdoctor.nl\/pl\/wp-json\/wp\/v2\/types\/product"}],"wp:featuredmedia":[{"embeddable":true,"href":"https:\/\/truckdoctor.nl\/pl\/wp-json\/wp\/v2\/media\/102766"}],"wp:attachment":[{"href":"https:\/\/truckdoctor.nl\/pl\/wp-json\/wp\/v2\/media?parent=106180"}],"wp:term":[{"taxonomy":"product_brand","embeddable":true,"href":"https:\/\/truckdoctor.nl\/pl\/wp-json\/wp\/v2\/product_brand?post=106180"},{"taxonomy":"product_cat","embeddable":true,"href":"https:\/\/truckdoctor.nl\/pl\/wp-json\/wp\/v2\/product_cat?post=106180"},{"taxonomy":"product_tag","embeddable":true,"href":"https:\/\/truckdoctor.nl\/pl\/wp-json\/wp\/v2\/product_tag?post=106180"}],"curies":[{"name":"wp","href":"https:\/\/api.w.org\/{rel}","templated":true}]}}