{"id":106170,"date":"2015-12-08T11:42:17","date_gmt":"2015-12-08T10:42:17","guid":{"rendered":"https:\/\/truckdoctor.nl\/product\/372604\/"},"modified":"2025-07-03T11:29:12","modified_gmt":"2025-07-03T10:29:12","slug":"372604","status":"publish","type":"product","link":"https:\/\/truckdoctor.nl\/pl\/produkt\/372604\/","title":{"rendered":"Sterowanie Drukowanie Seria R50"},"content":{"rendered":"<p>Nadal 372604 \/ 369868 \/ 362525 \/ 158435<\/p>\n<p>P\u0142ytka steruj\u0105ca dostarcza zasilanie i inne sygna\u0142y sterownika.<br \/>\nTo urz\u0105dzenie mo\u017cna naprawi\u0107. Wymie\u0144, je\u015bli jeste\u015b w magazynie.<br \/>\nU\u017cywany w Stillach R50-10, R50-12 i R50-15. Numer seryjny: R5041-44  <\/p>\n","protected":false},"excerpt":{"rendered":"<p>Kod produktu: 372604, 369868, 158435<\/p>\n","protected":false},"featured_media":109172,"template":"","meta":{"_et_pb_use_builder":"","_et_pb_old_content":"","_et_gb_content_width":"","inline_featured_image":false},"product_brand":[],"product_cat":[613,667,365],"product_tag":[253],"class_list":{"0":"post-106170","1":"product","2":"type-product","3":"status-publish","4":"has-post-thumbnail","6":"product_cat-czynnik-chlodniczy-r50-15","7":"product_cat-reparatie-pl","8":"product_cat-still-pl","9":"product_tag-naprawa","11":"first","12":"instock","13":"taxable","14":"shipping-taxable","15":"purchasable","16":"product-type-simple"},"_links":{"self":[{"href":"https:\/\/truckdoctor.nl\/pl\/wp-json\/wp\/v2\/product\/106170","targetHints":{"allow":["GET"]}}],"collection":[{"href":"https:\/\/truckdoctor.nl\/pl\/wp-json\/wp\/v2\/product"}],"about":[{"href":"https:\/\/truckdoctor.nl\/pl\/wp-json\/wp\/v2\/types\/product"}],"wp:featuredmedia":[{"embeddable":true,"href":"https:\/\/truckdoctor.nl\/pl\/wp-json\/wp\/v2\/media\/109172"}],"wp:attachment":[{"href":"https:\/\/truckdoctor.nl\/pl\/wp-json\/wp\/v2\/media?parent=106170"}],"wp:term":[{"taxonomy":"product_brand","embeddable":true,"href":"https:\/\/truckdoctor.nl\/pl\/wp-json\/wp\/v2\/product_brand?post=106170"},{"taxonomy":"product_cat","embeddable":true,"href":"https:\/\/truckdoctor.nl\/pl\/wp-json\/wp\/v2\/product_cat?post=106170"},{"taxonomy":"product_tag","embeddable":true,"href":"https:\/\/truckdoctor.nl\/pl\/wp-json\/wp\/v2\/product_tag?post=106170"}],"curies":[{"name":"wp","href":"https:\/\/api.w.org\/{rel}","templated":true}]}}