{"id":106146,"date":"2015-12-03T10:12:00","date_gmt":"2015-12-03T09:12:00","guid":{"rendered":"https:\/\/truckdoctor.nl\/product\/3903601567\/"},"modified":"2025-07-03T11:29:13","modified_gmt":"2025-07-03T10:29:13","slug":"3903601567","status":"publish","type":"product","link":"https:\/\/truckdoctor.nl\/pl\/produkt\/3903601567\/","title":{"rendered":"LDC-60\/11"},"content":{"rendered":"<p>LDC-60\/11 CE04 Jednostka steruj\u0105ca podno\u015bnikiem. Naprawa lub wymiana (je\u015bli jest w magazynie)<br \/>\nU\u017cywany w Linde E12\/14\/15\/16\/18\/20 serii 386 <\/p>\n","protected":false},"excerpt":{"rendered":"<p>Numer artyku\u0142u: 3903601567, 3903601496<\/p>\n","protected":false},"featured_media":109339,"template":"","meta":{"_et_pb_use_builder":"","_et_pb_old_content":"","_et_gb_content_width":"","inline_featured_image":false},"product_brand":[],"product_cat":[280,667,469],"product_tag":[253],"class_list":{"0":"post-106146","1":"product","2":"type-product","3":"status-publish","4":"has-post-thumbnail","6":"product_cat-linde-pl","7":"product_cat-reparatie-pl","8":"product_cat-seria-386","9":"product_tag-naprawa","11":"first","12":"instock","13":"taxable","14":"shipping-taxable","15":"purchasable","16":"product-type-simple"},"_links":{"self":[{"href":"https:\/\/truckdoctor.nl\/pl\/wp-json\/wp\/v2\/product\/106146","targetHints":{"allow":["GET"]}}],"collection":[{"href":"https:\/\/truckdoctor.nl\/pl\/wp-json\/wp\/v2\/product"}],"about":[{"href":"https:\/\/truckdoctor.nl\/pl\/wp-json\/wp\/v2\/types\/product"}],"wp:featuredmedia":[{"embeddable":true,"href":"https:\/\/truckdoctor.nl\/pl\/wp-json\/wp\/v2\/media\/109339"}],"wp:attachment":[{"href":"https:\/\/truckdoctor.nl\/pl\/wp-json\/wp\/v2\/media?parent=106146"}],"wp:term":[{"taxonomy":"product_brand","embeddable":true,"href":"https:\/\/truckdoctor.nl\/pl\/wp-json\/wp\/v2\/product_brand?post=106146"},{"taxonomy":"product_cat","embeddable":true,"href":"https:\/\/truckdoctor.nl\/pl\/wp-json\/wp\/v2\/product_cat?post=106146"},{"taxonomy":"product_tag","embeddable":true,"href":"https:\/\/truckdoctor.nl\/pl\/wp-json\/wp\/v2\/product_tag?post=106146"}],"curies":[{"name":"wp","href":"https:\/\/api.w.org\/{rel}","templated":true}]}}