{"id":106099,"date":"2015-12-03T09:38:19","date_gmt":"2015-12-03T08:38:19","guid":{"rendered":"https:\/\/truckdoctor.nl\/product\/3903606319\/"},"modified":"2025-03-24T08:21:23","modified_gmt":"2025-03-24T07:21:23","slug":"3903606319","status":"publish","type":"product","link":"https:\/\/truckdoctor.nl\/pl\/produkt\/3903606319\/","title":{"rendered":"Ogranicznik pr\u0119dko\u015bci"},"content":{"rendered":"<p>Pr\u0119dko\u015bci jednostek mo\u017cna regulowa\u0107 w zakresie od 15 km\/h do 10 km\/h. lub od 10 km\/h do 15 km\/h.<br \/>\n3903606319 -&gt; 15 km\/h<br \/>\n3903606331 -&gt; 15 km\/h<br \/>\n3903607719 -&gt; 15 km\/h<br \/>\n3903607731 -&gt; 15 km\/h<br \/>\n3903606348 -&gt; 10 km\/h<br \/>\n3903606347 -&gt; 15 Km\/h<br \/>\nCzy numeru Twojego produktu nie ma na powy\u017cszej li\u015bcie?<br \/>\nSkontaktuj si\u0119 z nami! Jest du\u017ca szansa, \u017ce uda nam si\u0119 naprawi\u0107 lub zmodyfikowa\u0107 jednostk\u0119.<\/p>\n","protected":false},"excerpt":{"rendered":"<p>Numer cz\u0119\u015bci: 3903606319, wyreguluj ogranicznik<\/p>\n","protected":false},"featured_media":104381,"template":"","meta":{"_et_pb_use_builder":"","_et_pb_old_content":"","_et_gb_content_width":"","inline_featured_image":false},"product_brand":[],"product_cat":[280,667,470],"product_tag":[253],"class_list":{"0":"post-106099","1":"product","2":"type-product","3":"status-publish","4":"has-post-thumbnail","6":"product_cat-linde-pl","7":"product_cat-reparatie-pl","8":"product_cat-seria-335","9":"product_tag-naprawa","11":"first","12":"instock","13":"taxable","14":"shipping-taxable","15":"purchasable","16":"product-type-simple"},"_links":{"self":[{"href":"https:\/\/truckdoctor.nl\/pl\/wp-json\/wp\/v2\/product\/106099","targetHints":{"allow":["GET"]}}],"collection":[{"href":"https:\/\/truckdoctor.nl\/pl\/wp-json\/wp\/v2\/product"}],"about":[{"href":"https:\/\/truckdoctor.nl\/pl\/wp-json\/wp\/v2\/types\/product"}],"wp:featuredmedia":[{"embeddable":true,"href":"https:\/\/truckdoctor.nl\/pl\/wp-json\/wp\/v2\/media\/104381"}],"wp:attachment":[{"href":"https:\/\/truckdoctor.nl\/pl\/wp-json\/wp\/v2\/media?parent=106099"}],"wp:term":[{"taxonomy":"product_brand","embeddable":true,"href":"https:\/\/truckdoctor.nl\/pl\/wp-json\/wp\/v2\/product_brand?post=106099"},{"taxonomy":"product_cat","embeddable":true,"href":"https:\/\/truckdoctor.nl\/pl\/wp-json\/wp\/v2\/product_cat?post=106099"},{"taxonomy":"product_tag","embeddable":true,"href":"https:\/\/truckdoctor.nl\/pl\/wp-json\/wp\/v2\/product_tag?post=106099"}],"curies":[{"name":"wp","href":"https:\/\/api.w.org\/{rel}","templated":true}]}}