{"id":106076,"date":"2015-12-01T11:43:38","date_gmt":"2015-12-01T10:43:38","guid":{"rendered":"https:\/\/truckdoctor.nl\/product\/special1\/"},"modified":"2015-12-01T11:43:38","modified_gmt":"2015-12-01T10:43:38","slug":"special1","status":"publish","type":"product","link":"https:\/\/truckdoctor.nl\/pl\/produkt\/special1\/","title":{"rendered":"Ogranicznik pr\u0119dko\u015bci przesuwu i podnoszenia"},"content":{"rendered":"<p>Opracowany specjalnie dla w\u00f3zk\u00f3w paletowych Linde.<br \/>\u0141atwe ustawianie za pomoc\u0105 potencjometru. Zapytaj o cen\u0119 i mo\u017cliwo\u015bci.<br \/>Wszystkie ustawienia pozostaj\u0105 nienaruszone. Nie jest wymagana modyfikacja oprogramowania. Wysy\u0142asz tylko g\u0142owic\u0119 steruj\u0105c\u0105.<br \/>Do wykorzystania w<br \/> Linde T16\/18\/20 Seria 360<br \/>Seria Linde 141 i 144 (T20AP\/T20SF)<br \/>Seria Linde 372 i 379 (L14\/L16)   <\/p>\n","protected":false},"excerpt":{"rendered":"<p>Regulowany ogranicznik pr\u0119dko\u015bci jazdy i pr\u0119dko\u015bci podnoszenia.<\/p>\n","protected":false},"featured_media":102686,"template":"","meta":{"_et_pb_use_builder":"","_et_pb_old_content":"","_et_gb_content_width":"","inline_featured_image":false},"product_brand":[],"product_cat":[280,667,603],"product_tag":[253],"class_list":{"0":"post-106076","1":"product","2":"type-product","3":"status-publish","4":"has-post-thumbnail","6":"product_cat-linde-pl","7":"product_cat-reparatie-pl","8":"product_cat-seria-360","9":"product_tag-naprawa","11":"first","12":"instock","13":"taxable","14":"shipping-taxable","15":"purchasable","16":"product-type-simple"},"_links":{"self":[{"href":"https:\/\/truckdoctor.nl\/pl\/wp-json\/wp\/v2\/product\/106076","targetHints":{"allow":["GET"]}}],"collection":[{"href":"https:\/\/truckdoctor.nl\/pl\/wp-json\/wp\/v2\/product"}],"about":[{"href":"https:\/\/truckdoctor.nl\/pl\/wp-json\/wp\/v2\/types\/product"}],"wp:featuredmedia":[{"embeddable":true,"href":"https:\/\/truckdoctor.nl\/pl\/wp-json\/wp\/v2\/media\/102686"}],"wp:attachment":[{"href":"https:\/\/truckdoctor.nl\/pl\/wp-json\/wp\/v2\/media?parent=106076"}],"wp:term":[{"taxonomy":"product_brand","embeddable":true,"href":"https:\/\/truckdoctor.nl\/pl\/wp-json\/wp\/v2\/product_brand?post=106076"},{"taxonomy":"product_cat","embeddable":true,"href":"https:\/\/truckdoctor.nl\/pl\/wp-json\/wp\/v2\/product_cat?post=106076"},{"taxonomy":"product_tag","embeddable":true,"href":"https:\/\/truckdoctor.nl\/pl\/wp-json\/wp\/v2\/product_tag?post=106076"}],"curies":[{"name":"wp","href":"https:\/\/api.w.org\/{rel}","templated":true}]}}