{"id":106064,"date":"2015-12-01T11:25:11","date_gmt":"2015-12-01T10:25:11","guid":{"rendered":"https:\/\/truckdoctor.nl\/product\/0009460779\/"},"modified":"2015-12-01T11:25:11","modified_gmt":"2015-12-01T10:25:11","slug":"0009460779","status":"publish","type":"product","link":"https:\/\/truckdoctor.nl\/pl\/produkt\/0009460779\/","title":{"rendered":"Wy\u015bwietlacz 0009460779"},"content":{"rendered":"<p>Przyrz\u0105d kompozytowy Linde. Naprawa lub wymiana (je\u015bli jest w magazynie)<br \/>\nDo u\u017cytku na:<br \/>\nLinde H14\/16\/18\/20 Seria<br \/>\n391 Linde H20\/25 Seria<br \/>\n392 Linde H25\/30\/35 Seria<br \/>\n393 Seria Linde H40\/45\/50 394 <\/p>\n<p>&nbsp;<\/p>\n","protected":false},"excerpt":{"rendered":"<p>Numer artyku\u0142u: 0009460779<\/p>\n","protected":false},"featured_media":104399,"template":"","meta":{"_et_pb_use_builder":"","_et_pb_old_content":"","_et_gb_content_width":"","inline_featured_image":false},"product_brand":[],"product_cat":[280,667,333,331,332,334],"product_tag":[253],"class_list":{"0":"post-106064","1":"product","2":"type-product","3":"status-publish","4":"has-post-thumbnail","6":"product_cat-linde-pl","7":"product_cat-reparatie-pl","8":"product_cat-seria-391","9":"product_cat-seria-392","10":"product_cat-seria-393","11":"product_cat-seria-394","12":"product_tag-naprawa","14":"first","15":"instock","16":"taxable","17":"shipping-taxable","18":"purchasable","19":"product-type-simple"},"_links":{"self":[{"href":"https:\/\/truckdoctor.nl\/pl\/wp-json\/wp\/v2\/product\/106064","targetHints":{"allow":["GET"]}}],"collection":[{"href":"https:\/\/truckdoctor.nl\/pl\/wp-json\/wp\/v2\/product"}],"about":[{"href":"https:\/\/truckdoctor.nl\/pl\/wp-json\/wp\/v2\/types\/product"}],"wp:featuredmedia":[{"embeddable":true,"href":"https:\/\/truckdoctor.nl\/pl\/wp-json\/wp\/v2\/media\/104399"}],"wp:attachment":[{"href":"https:\/\/truckdoctor.nl\/pl\/wp-json\/wp\/v2\/media?parent=106064"}],"wp:term":[{"taxonomy":"product_brand","embeddable":true,"href":"https:\/\/truckdoctor.nl\/pl\/wp-json\/wp\/v2\/product_brand?post=106064"},{"taxonomy":"product_cat","embeddable":true,"href":"https:\/\/truckdoctor.nl\/pl\/wp-json\/wp\/v2\/product_cat?post=106064"},{"taxonomy":"product_tag","embeddable":true,"href":"https:\/\/truckdoctor.nl\/pl\/wp-json\/wp\/v2\/product_tag?post=106064"}],"curies":[{"name":"wp","href":"https:\/\/api.w.org\/{rel}","templated":true}]}}