{"id":106017,"date":"2015-11-30T14:55:11","date_gmt":"2015-11-30T13:55:11","guid":{"rendered":"https:\/\/truckdoctor.nl\/product\/87906402\/"},"modified":"2015-11-30T14:55:11","modified_gmt":"2015-11-30T13:55:11","slug":"87906402","status":"publish","type":"product","link":"https:\/\/truckdoctor.nl\/pl\/produkt\/87906402\/","title":{"rendered":"Sterowanie kombi Linde E10"},"content":{"rendered":"<p>Pe\u0142na kontrola nad rz\u0119dami\/podnoszeniem.<br \/>Urz\u0105dzenie mo\u017cna naprawi\u0107.<br \/>Cena obejmuje wymian\u0119 wadliwej jednostki.<\/p>\n","protected":false},"excerpt":{"rendered":"<p>Numer artyku\u0142u: 87906402<\/p>\n","protected":false},"featured_media":102646,"template":"","meta":{"_et_pb_use_builder":"","_et_pb_old_content":"","_et_gb_content_width":"","inline_featured_image":false},"product_brand":[],"product_cat":[280,667,583],"product_tag":[253],"class_list":{"0":"post-106017","1":"product","2":"type-product","3":"status-publish","4":"has-post-thumbnail","6":"product_cat-linde-pl","7":"product_cat-reparatie-pl","8":"product_cat-seria-334","9":"product_tag-naprawa","11":"first","12":"instock","13":"taxable","14":"shipping-taxable","15":"purchasable","16":"product-type-simple"},"_links":{"self":[{"href":"https:\/\/truckdoctor.nl\/pl\/wp-json\/wp\/v2\/product\/106017","targetHints":{"allow":["GET"]}}],"collection":[{"href":"https:\/\/truckdoctor.nl\/pl\/wp-json\/wp\/v2\/product"}],"about":[{"href":"https:\/\/truckdoctor.nl\/pl\/wp-json\/wp\/v2\/types\/product"}],"wp:featuredmedia":[{"embeddable":true,"href":"https:\/\/truckdoctor.nl\/pl\/wp-json\/wp\/v2\/media\/102646"}],"wp:attachment":[{"href":"https:\/\/truckdoctor.nl\/pl\/wp-json\/wp\/v2\/media?parent=106017"}],"wp:term":[{"taxonomy":"product_brand","embeddable":true,"href":"https:\/\/truckdoctor.nl\/pl\/wp-json\/wp\/v2\/product_brand?post=106017"},{"taxonomy":"product_cat","embeddable":true,"href":"https:\/\/truckdoctor.nl\/pl\/wp-json\/wp\/v2\/product_cat?post=106017"},{"taxonomy":"product_tag","embeddable":true,"href":"https:\/\/truckdoctor.nl\/pl\/wp-json\/wp\/v2\/product_tag?post=106017"}],"curies":[{"name":"wp","href":"https:\/\/api.w.org\/{rel}","templated":true}]}}