{"id":105943,"date":"2019-08-27T08:35:58","date_gmt":"2019-08-27T07:35:58","guid":{"rendered":"https:\/\/truckdoctor.nl\/product\/can-20l-quick-connect\/"},"modified":"2019-08-27T08:35:58","modified_gmt":"2019-08-27T07:35:58","slug":"can-20l-quick-connect","status":"publish","type":"product","link":"https:\/\/truckdoctor.nl\/pl\/produkt\/can-20l-quick-connect\/","title":{"rendered":"Szybkoz\u0142\u0105cze b\u0119bnowe 20L"},"content":{"rendered":"<p>Naczynie na wod\u0119 demineralizowan\u0105.<br \/>\nW zestawie:- elastyczny w\u0105\u017c wodny, przezroczysty<br \/>\n&#8211; nasadka z kranem<br \/>\n&#8211; wska\u017anik<br \/>\n przep\u0142ywu-<br \/>\n szybkoz\u0142\u0105czka<\/p>\n<p>&nbsp;<\/p>\n","protected":false},"excerpt":{"rendered":"<p>Beczka 20L (pusta)<\/p>\n","protected":false},"featured_media":104191,"template":"","meta":{"_et_pb_use_builder":"off","_et_pb_old_content":"Beczka wype\u0142niona 20 litrami wody demineralizowanej.\nW zestawie:- elastyczny w\u0105\u017c wodny, przezroczysty\n- nasadka z kranem\n- wska\u017anik\n przep\u0142ywu-\n szybkoz\u0142\u0105czka\n\n ","_et_gb_content_width":"","inline_featured_image":false},"product_brand":[],"product_cat":[318],"product_tag":[254],"class_list":{"0":"post-105943","1":"product","2":"type-product","3":"status-publish","4":"has-post-thumbnail","6":"product_cat-webshop-pl","7":"product_tag-sprzedaz","9":"first","10":"instock","11":"featured","12":"taxable","13":"shipping-taxable","14":"purchasable","15":"product-type-simple"},"_links":{"self":[{"href":"https:\/\/truckdoctor.nl\/pl\/wp-json\/wp\/v2\/product\/105943","targetHints":{"allow":["GET"]}}],"collection":[{"href":"https:\/\/truckdoctor.nl\/pl\/wp-json\/wp\/v2\/product"}],"about":[{"href":"https:\/\/truckdoctor.nl\/pl\/wp-json\/wp\/v2\/types\/product"}],"wp:featuredmedia":[{"embeddable":true,"href":"https:\/\/truckdoctor.nl\/pl\/wp-json\/wp\/v2\/media\/104191"}],"wp:attachment":[{"href":"https:\/\/truckdoctor.nl\/pl\/wp-json\/wp\/v2\/media?parent=105943"}],"wp:term":[{"taxonomy":"product_brand","embeddable":true,"href":"https:\/\/truckdoctor.nl\/pl\/wp-json\/wp\/v2\/product_brand?post=105943"},{"taxonomy":"product_cat","embeddable":true,"href":"https:\/\/truckdoctor.nl\/pl\/wp-json\/wp\/v2\/product_cat?post=105943"},{"taxonomy":"product_tag","embeddable":true,"href":"https:\/\/truckdoctor.nl\/pl\/wp-json\/wp\/v2\/product_tag?post=105943"}],"curies":[{"name":"wp","href":"https:\/\/api.w.org\/{rel}","templated":true}]}}