{"id":105916,"date":"2019-02-06T15:11:51","date_gmt":"2019-02-06T14:11:51","guid":{"rendered":"https:\/\/truckdoctor.nl\/product\/1600419\/"},"modified":"2019-02-06T15:11:51","modified_gmt":"2019-02-06T14:11:51","slug":"1600419","status":"publish","type":"product","link":"https:\/\/truckdoctor.nl\/pl\/produkt\/1600419\/","title":{"rendered":"1600419"},"content":{"rendered":"<p>Monta\u017c w r\u00f3\u017cnych podno\u015bnikach no\u017cycowych JLG<br \/>a.o. nr wzoru 3246ES<\/p>\n<p>Napraw lub wymie\u0144, je\u015bli s\u0105 w magazynie.<\/p>\n<p>&nbsp;<\/p>\n","protected":false},"excerpt":{"rendered":"<p>JLG 1600419  <\/p>\n","protected":false},"featured_media":102970,"template":"","meta":{"_et_pb_use_builder":"","_et_pb_old_content":"","_et_gb_content_width":"","inline_featured_image":false},"product_brand":[],"product_cat":[443,667],"product_tag":[253],"class_list":{"0":"post-105916","1":"product","2":"type-product","3":"status-publish","4":"has-post-thumbnail","6":"product_cat-pozostale-moduly","7":"product_cat-reparatie-pl","8":"product_tag-naprawa","10":"first","11":"instock","12":"taxable","13":"shipping-taxable","14":"purchasable","15":"product-type-simple"},"_links":{"self":[{"href":"https:\/\/truckdoctor.nl\/pl\/wp-json\/wp\/v2\/product\/105916","targetHints":{"allow":["GET"]}}],"collection":[{"href":"https:\/\/truckdoctor.nl\/pl\/wp-json\/wp\/v2\/product"}],"about":[{"href":"https:\/\/truckdoctor.nl\/pl\/wp-json\/wp\/v2\/types\/product"}],"wp:featuredmedia":[{"embeddable":true,"href":"https:\/\/truckdoctor.nl\/pl\/wp-json\/wp\/v2\/media\/102970"}],"wp:attachment":[{"href":"https:\/\/truckdoctor.nl\/pl\/wp-json\/wp\/v2\/media?parent=105916"}],"wp:term":[{"taxonomy":"product_brand","embeddable":true,"href":"https:\/\/truckdoctor.nl\/pl\/wp-json\/wp\/v2\/product_brand?post=105916"},{"taxonomy":"product_cat","embeddable":true,"href":"https:\/\/truckdoctor.nl\/pl\/wp-json\/wp\/v2\/product_cat?post=105916"},{"taxonomy":"product_tag","embeddable":true,"href":"https:\/\/truckdoctor.nl\/pl\/wp-json\/wp\/v2\/product_tag?post=105916"}],"curies":[{"name":"wp","href":"https:\/\/api.w.org\/{rel}","templated":true}]}}