{"id":105857,"date":"2018-04-24T09:04:02","date_gmt":"2018-04-24T08:04:02","guid":{"rendered":"https:\/\/truckdoctor.nl\/product\/0009440119\/"},"modified":"2018-04-24T09:04:02","modified_gmt":"2018-04-24T08:04:02","slug":"0009440119","status":"publish","type":"product","link":"https:\/\/truckdoctor.nl\/pl\/produkt\/0009440119\/","title":{"rendered":"0009440119"},"content":{"rendered":"<p>Modu\u0142 steruj\u0105cy Linde do silnika wysokopr\u0119\u017cnego. Naprawa lub wymiana (je\u015bli jest w magazynie). <br \/>Stosowany w serii Linde 394.<\/p>\n<p>Numer artyku\u0142u: 0009440119<\/p>\n","protected":false},"excerpt":{"rendered":"<p>Modu\u0142 steruj\u0105cy diesel  <\/p>\n","protected":false},"featured_media":102918,"template":"","meta":{"_et_pb_use_builder":"","_et_pb_old_content":"","_et_gb_content_width":"","inline_featured_image":false},"product_brand":[],"product_cat":[280,667,334],"product_tag":[253],"class_list":{"0":"post-105857","1":"product","2":"type-product","3":"status-publish","4":"has-post-thumbnail","6":"product_cat-linde-pl","7":"product_cat-reparatie-pl","8":"product_cat-seria-394","9":"product_tag-naprawa","11":"first","12":"instock","13":"taxable","14":"shipping-taxable","15":"purchasable","16":"product-type-simple"},"_links":{"self":[{"href":"https:\/\/truckdoctor.nl\/pl\/wp-json\/wp\/v2\/product\/105857","targetHints":{"allow":["GET"]}}],"collection":[{"href":"https:\/\/truckdoctor.nl\/pl\/wp-json\/wp\/v2\/product"}],"about":[{"href":"https:\/\/truckdoctor.nl\/pl\/wp-json\/wp\/v2\/types\/product"}],"wp:featuredmedia":[{"embeddable":true,"href":"https:\/\/truckdoctor.nl\/pl\/wp-json\/wp\/v2\/media\/102918"}],"wp:attachment":[{"href":"https:\/\/truckdoctor.nl\/pl\/wp-json\/wp\/v2\/media?parent=105857"}],"wp:term":[{"taxonomy":"product_brand","embeddable":true,"href":"https:\/\/truckdoctor.nl\/pl\/wp-json\/wp\/v2\/product_brand?post=105857"},{"taxonomy":"product_cat","embeddable":true,"href":"https:\/\/truckdoctor.nl\/pl\/wp-json\/wp\/v2\/product_cat?post=105857"},{"taxonomy":"product_tag","embeddable":true,"href":"https:\/\/truckdoctor.nl\/pl\/wp-json\/wp\/v2\/product_tag?post=105857"}],"curies":[{"name":"wp","href":"https:\/\/api.w.org\/{rel}","templated":true}]}}