{"id":105845,"date":"2018-03-13T08:22:59","date_gmt":"2018-03-13T07:22:59","guid":{"rendered":"https:\/\/truckdoctor.nl\/product\/113250\/"},"modified":"2018-03-13T08:22:59","modified_gmt":"2018-03-13T07:22:59","slug":"113250","status":"publish","type":"product","link":"https:\/\/truckdoctor.nl\/pl\/produkt\/113250\/","title":{"rendered":"Modu\u0142 zasilania 113250"},"content":{"rendered":"<p>Modu\u0142 do w\u00f3zka wysokiego sk\u0142adowania Atlet.<br \/>W przypadku naprawy ustawienia s\u0105 zachowywane.<\/p><\/p>\n","protected":false},"excerpt":{"rendered":"<p>Modu\u0142 zasilania 113250<\/p>\n","protected":false},"featured_media":102906,"template":"","meta":{"_et_pb_use_builder":"","_et_pb_old_content":"","_et_gb_content_width":"","inline_featured_image":false},"product_brand":[],"product_cat":[260,549,667],"product_tag":[253],"class_list":{"0":"post-105845","1":"product","2":"type-product","3":"status-publish","4":"has-post-thumbnail","6":"product_cat-atlet-pl-2","7":"product_cat-ergo-uns-uhs-uhh-pl","8":"product_cat-reparatie-pl","9":"product_tag-naprawa","11":"first","12":"instock","13":"taxable","14":"shipping-taxable","15":"purchasable","16":"product-type-simple"},"_links":{"self":[{"href":"https:\/\/truckdoctor.nl\/pl\/wp-json\/wp\/v2\/product\/105845","targetHints":{"allow":["GET"]}}],"collection":[{"href":"https:\/\/truckdoctor.nl\/pl\/wp-json\/wp\/v2\/product"}],"about":[{"href":"https:\/\/truckdoctor.nl\/pl\/wp-json\/wp\/v2\/types\/product"}],"wp:featuredmedia":[{"embeddable":true,"href":"https:\/\/truckdoctor.nl\/pl\/wp-json\/wp\/v2\/media\/102906"}],"wp:attachment":[{"href":"https:\/\/truckdoctor.nl\/pl\/wp-json\/wp\/v2\/media?parent=105845"}],"wp:term":[{"taxonomy":"product_brand","embeddable":true,"href":"https:\/\/truckdoctor.nl\/pl\/wp-json\/wp\/v2\/product_brand?post=105845"},{"taxonomy":"product_cat","embeddable":true,"href":"https:\/\/truckdoctor.nl\/pl\/wp-json\/wp\/v2\/product_cat?post=105845"},{"taxonomy":"product_tag","embeddable":true,"href":"https:\/\/truckdoctor.nl\/pl\/wp-json\/wp\/v2\/product_tag?post=105845"}],"curies":[{"name":"wp","href":"https:\/\/api.w.org\/{rel}","templated":true}]}}