{"id":105800,"date":"2017-12-08T12:26:29","date_gmt":"2017-12-08T11:26:29","guid":{"rendered":"https:\/\/truckdoctor.nl\/product\/0009400703\/"},"modified":"2017-12-08T12:26:29","modified_gmt":"2017-12-08T11:26:29","slug":"0009400703","status":"publish","type":"product","link":"https:\/\/truckdoctor.nl\/pl\/produkt\/0009400703\/","title":{"rendered":"Wy\u015bwietlacz 0009400703"},"content":{"rendered":"<p>Przyrz\u0105d kompozytowy Linde. Naprawa lub wymiana (je\u015bli jest w magazynie)<br \/>\nDo u\u017cycia na:<br \/>\nLinde 346-series, 386-series <\/p>\n<p>&nbsp;<\/p>\n","protected":false},"excerpt":{"rendered":"<p>Numer artyku\u0142u: 0009400703, 0009400706, 0009400710<\/p>\n","protected":false},"featured_media":104399,"template":"","meta":{"_et_pb_use_builder":"","_et_pb_old_content":"","_et_gb_content_width":"","inline_featured_image":false},"product_brand":[],"product_cat":[280,667,469],"product_tag":[253],"class_list":{"0":"post-105800","1":"product","2":"type-product","3":"status-publish","4":"has-post-thumbnail","6":"product_cat-linde-pl","7":"product_cat-reparatie-pl","8":"product_cat-seria-386","9":"product_tag-naprawa","11":"first","12":"instock","13":"taxable","14":"shipping-taxable","15":"purchasable","16":"product-type-simple"},"_links":{"self":[{"href":"https:\/\/truckdoctor.nl\/pl\/wp-json\/wp\/v2\/product\/105800","targetHints":{"allow":["GET"]}}],"collection":[{"href":"https:\/\/truckdoctor.nl\/pl\/wp-json\/wp\/v2\/product"}],"about":[{"href":"https:\/\/truckdoctor.nl\/pl\/wp-json\/wp\/v2\/types\/product"}],"wp:featuredmedia":[{"embeddable":true,"href":"https:\/\/truckdoctor.nl\/pl\/wp-json\/wp\/v2\/media\/104399"}],"wp:attachment":[{"href":"https:\/\/truckdoctor.nl\/pl\/wp-json\/wp\/v2\/media?parent=105800"}],"wp:term":[{"taxonomy":"product_brand","embeddable":true,"href":"https:\/\/truckdoctor.nl\/pl\/wp-json\/wp\/v2\/product_brand?post=105800"},{"taxonomy":"product_cat","embeddable":true,"href":"https:\/\/truckdoctor.nl\/pl\/wp-json\/wp\/v2\/product_cat?post=105800"},{"taxonomy":"product_tag","embeddable":true,"href":"https:\/\/truckdoctor.nl\/pl\/wp-json\/wp\/v2\/product_tag?post=105800"}],"curies":[{"name":"wp","href":"https:\/\/api.w.org\/{rel}","templated":true}]}}