{"id":105755,"date":"2017-06-12T11:24:06","date_gmt":"2017-06-12T10:24:06","guid":{"rendered":"https:\/\/truckdoctor.nl\/product\/ldc-43\/"},"modified":"2025-01-15T10:46:38","modified_gmt":"2025-01-15T09:46:38","slug":"ldc-43","status":"publish","type":"product","link":"https:\/\/truckdoctor.nl\/pl\/produkt\/ldc-43\/","title":{"rendered":"LDC-43\/10"},"content":{"rendered":"<p>Naprawa lub wymiana (je\u015bli jest w magazynie) Ten modu\u0142 wielofunkcyjny jest u\u017cywany w: Seriach Linde E25-02, E30-02, 336-02<\/p>\n","protected":false},"excerpt":{"rendered":"<p>Linde 3903606368, Linde 3903601452<\/p>\n","protected":false},"featured_media":106364,"template":"","meta":{"_et_pb_use_builder":"","_et_pb_old_content":"","_et_gb_content_width":"","inline_featured_image":false},"product_brand":[],"product_cat":[280,667,312],"product_tag":[253],"class_list":{"0":"post-105755","1":"product","2":"type-product","3":"status-publish","4":"has-post-thumbnail","6":"product_cat-linde-pl","7":"product_cat-reparatie-pl","8":"product_cat-seria-336","9":"product_tag-naprawa","11":"first","12":"instock","13":"taxable","14":"shipping-taxable","15":"purchasable","16":"product-type-simple"},"_links":{"self":[{"href":"https:\/\/truckdoctor.nl\/pl\/wp-json\/wp\/v2\/product\/105755","targetHints":{"allow":["GET"]}}],"collection":[{"href":"https:\/\/truckdoctor.nl\/pl\/wp-json\/wp\/v2\/product"}],"about":[{"href":"https:\/\/truckdoctor.nl\/pl\/wp-json\/wp\/v2\/types\/product"}],"wp:featuredmedia":[{"embeddable":true,"href":"https:\/\/truckdoctor.nl\/pl\/wp-json\/wp\/v2\/media\/106364"}],"wp:attachment":[{"href":"https:\/\/truckdoctor.nl\/pl\/wp-json\/wp\/v2\/media?parent=105755"}],"wp:term":[{"taxonomy":"product_brand","embeddable":true,"href":"https:\/\/truckdoctor.nl\/pl\/wp-json\/wp\/v2\/product_brand?post=105755"},{"taxonomy":"product_cat","embeddable":true,"href":"https:\/\/truckdoctor.nl\/pl\/wp-json\/wp\/v2\/product_cat?post=105755"},{"taxonomy":"product_tag","embeddable":true,"href":"https:\/\/truckdoctor.nl\/pl\/wp-json\/wp\/v2\/product_tag?post=105755"}],"curies":[{"name":"wp","href":"https:\/\/api.w.org\/{rel}","templated":true}]}}