{"id":105732,"date":"2022-02-04T13:18:19","date_gmt":"2022-02-04T12:18:19","guid":{"rendered":"https:\/\/truckdoctor.nl\/product\/program2-0\/"},"modified":"2025-07-03T11:34:57","modified_gmt":"2025-07-03T10:34:57","slug":"program2-0","status":"publish","type":"product","link":"https:\/\/truckdoctor.nl\/pl\/produkt\/program2-0\/","title":{"rendered":"Program2.0"},"content":{"rendered":"<p>Regulacja odczytu godzin dla serii Linde 386-02, 387 i 388.<br \/>\nZachowanie wszystkich ustawie\u0144 i numeru seryjnego.<br \/>\nMo\u017cliwa dowolna po\u017c\u0105dana warto\u015b\u0107<\/p>\n","protected":false},"excerpt":{"rendered":"<p>Numer artyku\u0142u: Program 2.0<\/p>\n","protected":false},"featured_media":109178,"template":"","meta":{"_et_pb_use_builder":"","_et_pb_old_content":"","_et_gb_content_width":"","inline_featured_image":false},"product_brand":[],"product_cat":[280,667,469,434,435],"product_tag":[253],"class_list":{"0":"post-105732","1":"product","2":"type-product","3":"status-publish","4":"has-post-thumbnail","6":"product_cat-linde-pl","7":"product_cat-reparatie-pl","8":"product_cat-seria-386","9":"product_cat-seria-387","10":"product_cat-seria-388","11":"product_tag-naprawa","13":"first","14":"instock","15":"taxable","16":"shipping-taxable","17":"purchasable","18":"product-type-simple"},"_links":{"self":[{"href":"https:\/\/truckdoctor.nl\/pl\/wp-json\/wp\/v2\/product\/105732","targetHints":{"allow":["GET"]}}],"collection":[{"href":"https:\/\/truckdoctor.nl\/pl\/wp-json\/wp\/v2\/product"}],"about":[{"href":"https:\/\/truckdoctor.nl\/pl\/wp-json\/wp\/v2\/types\/product"}],"wp:featuredmedia":[{"embeddable":true,"href":"https:\/\/truckdoctor.nl\/pl\/wp-json\/wp\/v2\/media\/109178"}],"wp:attachment":[{"href":"https:\/\/truckdoctor.nl\/pl\/wp-json\/wp\/v2\/media?parent=105732"}],"wp:term":[{"taxonomy":"product_brand","embeddable":true,"href":"https:\/\/truckdoctor.nl\/pl\/wp-json\/wp\/v2\/product_brand?post=105732"},{"taxonomy":"product_cat","embeddable":true,"href":"https:\/\/truckdoctor.nl\/pl\/wp-json\/wp\/v2\/product_cat?post=105732"},{"taxonomy":"product_tag","embeddable":true,"href":"https:\/\/truckdoctor.nl\/pl\/wp-json\/wp\/v2\/product_tag?post=105732"}],"curies":[{"name":"wp","href":"https:\/\/api.w.org\/{rel}","templated":true}]}}