{"id":105709,"date":"2021-01-07T09:09:57","date_gmt":"2021-01-07T08:09:57","guid":{"rendered":"https:\/\/truckdoctor.nl\/product\/rs232-usb-converter\/"},"modified":"2021-01-07T09:09:57","modified_gmt":"2021-01-07T08:09:57","slug":"rs232-usb-converter","status":"publish","type":"product","link":"https:\/\/truckdoctor.nl\/pl\/produkt\/rs232-usb-converter\/","title":{"rendered":"Konwerter RS232-USB"},"content":{"rendered":"<p>Ten konwerter z uk\u0142adem FTDI wsp\u00f3\u0142pracuje z RS232 CAN-box firmy Linde.<\/p>\n<p>Dostarczone jako nowe.<\/p>\n","protected":false},"excerpt":{"rendered":"<p>Konwerter USB na RS232<\/p>\n","protected":false},"featured_media":103074,"template":"","meta":{"_et_pb_use_builder":"","_et_pb_old_content":"","_et_gb_content_width":"","inline_featured_image":false},"product_brand":[],"product_cat":[498,280,667],"product_tag":[253],"class_list":{"0":"post-105709","1":"product","2":"type-product","3":"status-publish","4":"has-post-thumbnail","6":"product_cat-diagnoza","7":"product_cat-linde-pl","8":"product_cat-reparatie-pl","9":"product_tag-naprawa","11":"first","12":"instock","13":"taxable","14":"shipping-taxable","15":"purchasable","16":"product-type-simple"},"_links":{"self":[{"href":"https:\/\/truckdoctor.nl\/pl\/wp-json\/wp\/v2\/product\/105709","targetHints":{"allow":["GET"]}}],"collection":[{"href":"https:\/\/truckdoctor.nl\/pl\/wp-json\/wp\/v2\/product"}],"about":[{"href":"https:\/\/truckdoctor.nl\/pl\/wp-json\/wp\/v2\/types\/product"}],"wp:featuredmedia":[{"embeddable":true,"href":"https:\/\/truckdoctor.nl\/pl\/wp-json\/wp\/v2\/media\/103074"}],"wp:attachment":[{"href":"https:\/\/truckdoctor.nl\/pl\/wp-json\/wp\/v2\/media?parent=105709"}],"wp:term":[{"taxonomy":"product_brand","embeddable":true,"href":"https:\/\/truckdoctor.nl\/pl\/wp-json\/wp\/v2\/product_brand?post=105709"},{"taxonomy":"product_cat","embeddable":true,"href":"https:\/\/truckdoctor.nl\/pl\/wp-json\/wp\/v2\/product_cat?post=105709"},{"taxonomy":"product_tag","embeddable":true,"href":"https:\/\/truckdoctor.nl\/pl\/wp-json\/wp\/v2\/product_tag?post=105709"}],"curies":[{"name":"wp","href":"https:\/\/api.w.org\/{rel}","templated":true}]}}