{"id":105708,"date":"2021-01-07T09:22:31","date_gmt":"2021-01-07T08:22:31","guid":{"rendered":"https:\/\/truckdoctor.nl\/product\/diagnostic-cable\/"},"modified":"2021-01-07T09:22:31","modified_gmt":"2021-01-07T08:22:31","slug":"diagnostic-cable","status":"publish","type":"product","link":"https:\/\/truckdoctor.nl\/pl\/produkt\/diagnostic-cable\/","title":{"rendered":"diagnostyczny"},"content":{"rendered":"<p>diagnostyczny mi\u0119dzy Linde CAN-box a w\u00f3zkiem wid\u0142owym, w\u00f3zkiem paletowym.<br \/>Dostarczone jako nowe.<\/p>\n","protected":false},"excerpt":{"rendered":"<p>Artyku\u0142 3903820101<\/p>\n","protected":false},"featured_media":103078,"template":"","meta":{"_et_pb_use_builder":"","_et_pb_old_content":"","_et_gb_content_width":"","inline_featured_image":false},"product_brand":[],"product_cat":[498,280,667],"product_tag":[253],"class_list":{"0":"post-105708","1":"product","2":"type-product","3":"status-publish","4":"has-post-thumbnail","6":"product_cat-diagnoza","7":"product_cat-linde-pl","8":"product_cat-reparatie-pl","9":"product_tag-naprawa","11":"first","12":"instock","13":"taxable","14":"shipping-taxable","15":"purchasable","16":"product-type-simple"},"_links":{"self":[{"href":"https:\/\/truckdoctor.nl\/pl\/wp-json\/wp\/v2\/product\/105708","targetHints":{"allow":["GET"]}}],"collection":[{"href":"https:\/\/truckdoctor.nl\/pl\/wp-json\/wp\/v2\/product"}],"about":[{"href":"https:\/\/truckdoctor.nl\/pl\/wp-json\/wp\/v2\/types\/product"}],"wp:featuredmedia":[{"embeddable":true,"href":"https:\/\/truckdoctor.nl\/pl\/wp-json\/wp\/v2\/media\/103078"}],"wp:attachment":[{"href":"https:\/\/truckdoctor.nl\/pl\/wp-json\/wp\/v2\/media?parent=105708"}],"wp:term":[{"taxonomy":"product_brand","embeddable":true,"href":"https:\/\/truckdoctor.nl\/pl\/wp-json\/wp\/v2\/product_brand?post=105708"},{"taxonomy":"product_cat","embeddable":true,"href":"https:\/\/truckdoctor.nl\/pl\/wp-json\/wp\/v2\/product_cat?post=105708"},{"taxonomy":"product_tag","embeddable":true,"href":"https:\/\/truckdoctor.nl\/pl\/wp-json\/wp\/v2\/product_tag?post=105708"}],"curies":[{"name":"wp","href":"https:\/\/api.w.org\/{rel}","templated":true}]}}