{"id":105573,"date":"2025-01-03T11:59:57","date_gmt":"2025-01-03T10:59:57","guid":{"rendered":"https:\/\/truckdoctor.nl\/product\/semikron-skm100gal123d\/"},"modified":"2025-01-03T11:59:57","modified_gmt":"2025-01-03T10:59:57","slug":"semikron-skm100gal123d","status":"publish","type":"product","link":"https:\/\/truckdoctor.nl\/pl\/produkt\/semikron-skm100gal123d\/","title":{"rendered":"SKM100GAL123D"},"content":{"rendered":"<p>Modu\u0142 tranzystora\/diody<\/p>\n","protected":false},"excerpt":{"rendered":"<p>Cz\u0119\u015b\u0107 u\u017cywana<\/p>\n","protected":false},"featured_media":103932,"template":"","meta":{"_et_pb_use_builder":"","_et_pb_old_content":"","_et_gb_content_width":"","inline_featured_image":false},"product_brand":[],"product_cat":[318],"product_tag":[254],"class_list":{"0":"post-105573","1":"product","2":"type-product","3":"status-publish","4":"has-post-thumbnail","6":"product_cat-webshop-pl","7":"product_tag-sprzedaz","9":"first","10":"instock","11":"taxable","12":"shipping-taxable","13":"purchasable","14":"product-type-simple"},"_links":{"self":[{"href":"https:\/\/truckdoctor.nl\/pl\/wp-json\/wp\/v2\/product\/105573","targetHints":{"allow":["GET"]}}],"collection":[{"href":"https:\/\/truckdoctor.nl\/pl\/wp-json\/wp\/v2\/product"}],"about":[{"href":"https:\/\/truckdoctor.nl\/pl\/wp-json\/wp\/v2\/types\/product"}],"wp:featuredmedia":[{"embeddable":true,"href":"https:\/\/truckdoctor.nl\/pl\/wp-json\/wp\/v2\/media\/103932"}],"wp:attachment":[{"href":"https:\/\/truckdoctor.nl\/pl\/wp-json\/wp\/v2\/media?parent=105573"}],"wp:term":[{"taxonomy":"product_brand","embeddable":true,"href":"https:\/\/truckdoctor.nl\/pl\/wp-json\/wp\/v2\/product_brand?post=105573"},{"taxonomy":"product_cat","embeddable":true,"href":"https:\/\/truckdoctor.nl\/pl\/wp-json\/wp\/v2\/product_cat?post=105573"},{"taxonomy":"product_tag","embeddable":true,"href":"https:\/\/truckdoctor.nl\/pl\/wp-json\/wp\/v2\/product_tag?post=105573"}],"curies":[{"name":"wp","href":"https:\/\/api.w.org\/{rel}","templated":true}]}}