{"id":105492,"date":"2022-11-01T11:41:46","date_gmt":"2022-11-01T11:41:46","guid":{"rendered":"https:\/\/truckdoctor.nl\/product\/3903601304\/"},"modified":"2022-11-01T11:41:46","modified_gmt":"2022-11-01T10:41:46","slug":"3903601304","status":"publish","type":"product","link":"https:\/\/truckdoctor.nl\/pl\/produkt\/3903601304\/","title":{"rendered":"3903601304"},"content":{"rendered":"<p>Napraw lub wymie\u0144, je\u015bli jeste\u015b w magazynie.<br \/>Jednostka steruj\u0105ca jest u\u017cywana w<br \/>Seria Linde 350-03<\/p>\n<p><\/p>\n","protected":false},"excerpt":{"rendered":"<p>Numer artyku\u0142u: 3903601304<\/p>\n","protected":false},"featured_media":102958,"template":"","meta":{"_et_pb_use_builder":"","_et_pb_old_content":"","_et_gb_content_width":"","inline_featured_image":false},"product_brand":[],"product_cat":[280,667,379],"product_tag":[253],"class_list":{"0":"post-105492","1":"product","2":"type-product","3":"status-publish","4":"has-post-thumbnail","6":"product_cat-linde-pl","7":"product_cat-reparatie-pl","8":"product_cat-seria-350","9":"product_tag-naprawa","11":"first","12":"instock","13":"taxable","14":"shipping-taxable","15":"purchasable","16":"product-type-simple"},"_links":{"self":[{"href":"https:\/\/truckdoctor.nl\/pl\/wp-json\/wp\/v2\/product\/105492","targetHints":{"allow":["GET"]}}],"collection":[{"href":"https:\/\/truckdoctor.nl\/pl\/wp-json\/wp\/v2\/product"}],"about":[{"href":"https:\/\/truckdoctor.nl\/pl\/wp-json\/wp\/v2\/types\/product"}],"wp:featuredmedia":[{"embeddable":true,"href":"https:\/\/truckdoctor.nl\/pl\/wp-json\/wp\/v2\/media\/102958"}],"wp:attachment":[{"href":"https:\/\/truckdoctor.nl\/pl\/wp-json\/wp\/v2\/media?parent=105492"}],"wp:term":[{"taxonomy":"product_brand","embeddable":true,"href":"https:\/\/truckdoctor.nl\/pl\/wp-json\/wp\/v2\/product_brand?post=105492"},{"taxonomy":"product_cat","embeddable":true,"href":"https:\/\/truckdoctor.nl\/pl\/wp-json\/wp\/v2\/product_cat?post=105492"},{"taxonomy":"product_tag","embeddable":true,"href":"https:\/\/truckdoctor.nl\/pl\/wp-json\/wp\/v2\/product_tag?post=105492"}],"curies":[{"name":"wp","href":"https:\/\/api.w.org\/{rel}","templated":true}]}}