{"id":105458,"date":"2025-01-10T14:49:58","date_gmt":"2025-01-10T13:49:58","guid":{"rendered":"https:\/\/truckdoctor.nl\/product\/immobilizer-0009701500\/"},"modified":"2025-01-10T14:49:58","modified_gmt":"2025-01-10T13:49:58","slug":"immobilizer-0009701500","status":"publish","type":"product","link":"https:\/\/truckdoctor.nl\/pl\/produkt\/immobilizer-0009701500\/","title":{"rendered":"Immobilizer 0009701500"},"content":{"rendered":"<p>Immobilizer, Immobilizer r\u00f3\u017cne w\u00f3zki spalinowe Linde.<br \/>\nPrzeprogramowujemy ten modu\u0142 do ustawie\u0144 fabrycznych.<br \/>\nPo monta\u017cu ECU jest automatycznie sprz\u0119gany.<br \/>\nW ten spos\u00f3b mo\u017cna zamontowa\u0107 u\u017cywany ECU.<\/p>\n","protected":false},"excerpt":{"rendered":"<p>Immobilizer, Immobilizer r\u00f3\u017cne w\u00f3zki spalinowe Linde. Przeprogramowujemy ten modu\u0142 do ustawie\u0144 fabrycznych. Po monta\u017cu ECU jest automatycznie sprz\u0119gany. W ten spos\u00f3b mo\u017cna zamontowa\u0107 u\u017cywany ECU.<\/p>\n","protected":false},"featured_media":104414,"template":"","meta":{"_et_pb_use_builder":"","_et_pb_old_content":"","_et_gb_content_width":"","inline_featured_image":false},"product_brand":[],"product_cat":[667,333,331,332,334,335],"product_tag":[253],"class_list":{"0":"post-105458","1":"product","2":"type-product","3":"status-publish","4":"has-post-thumbnail","6":"product_cat-reparatie-pl","7":"product_cat-seria-391","8":"product_cat-seria-392","9":"product_cat-seria-393","10":"product_cat-seria-394","11":"product_cat-seria-396","12":"product_tag-naprawa","14":"first","15":"instock","16":"taxable","17":"shipping-taxable","18":"purchasable","19":"product-type-simple"},"_links":{"self":[{"href":"https:\/\/truckdoctor.nl\/pl\/wp-json\/wp\/v2\/product\/105458","targetHints":{"allow":["GET"]}}],"collection":[{"href":"https:\/\/truckdoctor.nl\/pl\/wp-json\/wp\/v2\/product"}],"about":[{"href":"https:\/\/truckdoctor.nl\/pl\/wp-json\/wp\/v2\/types\/product"}],"wp:featuredmedia":[{"embeddable":true,"href":"https:\/\/truckdoctor.nl\/pl\/wp-json\/wp\/v2\/media\/104414"}],"wp:attachment":[{"href":"https:\/\/truckdoctor.nl\/pl\/wp-json\/wp\/v2\/media?parent=105458"}],"wp:term":[{"taxonomy":"product_brand","embeddable":true,"href":"https:\/\/truckdoctor.nl\/pl\/wp-json\/wp\/v2\/product_brand?post=105458"},{"taxonomy":"product_cat","embeddable":true,"href":"https:\/\/truckdoctor.nl\/pl\/wp-json\/wp\/v2\/product_cat?post=105458"},{"taxonomy":"product_tag","embeddable":true,"href":"https:\/\/truckdoctor.nl\/pl\/wp-json\/wp\/v2\/product_tag?post=105458"}],"curies":[{"name":"wp","href":"https:\/\/api.w.org\/{rel}","templated":true}]}}