{"id":105448,"date":"2025-01-06T11:58:01","date_gmt":"2025-01-06T10:58:01","guid":{"rendered":"https:\/\/truckdoctor.nl\/product\/demineralisatietoestel\/"},"modified":"2025-01-06T11:58:01","modified_gmt":"2025-01-06T10:58:01","slug":"demineralisatietoestel","status":"publish","type":"product","link":"https:\/\/truckdoctor.nl\/pl\/produkt\/demineralisatietoestel\/","title":{"rendered":"Demineralizatory"},"content":{"rendered":"<p>Urz\u0105dzenie do wody demineralizowanej, do filtrowania wody z kranu do wody demineralizowanej, kt\u00f3rej mo\u017cna u\u017cy\u0107 do nape\u0142nienia mokrych akumulator\u00f3w kwasowo-o\u0142owiowych.<br \/>\nDo 2 400 litr\u00f3w przefiltrowanej wody z kranu.<br \/>\nZe wska\u017anikiem. Wskazuje, czy wk\u0142ad wymaga wymiany.<br \/>\nWk\u0142ad mo\u017cna zam\u00f3wi\u0107 osobno. <\/p>\n","protected":false},"excerpt":{"rendered":"<p>Zamienia wod\u0119 z kranu w wod\u0119 demineralizowan\u0105 do nape\u0142niania akumulator\u00f3w o\u0142owiowo-kwasowych<\/p>\n","protected":false},"featured_media":104169,"template":"","meta":{"_et_pb_use_builder":"","_et_pb_old_content":"","_et_gb_content_width":"","inline_featured_image":false},"product_brand":[],"product_cat":[318],"product_tag":[254],"class_list":{"0":"post-105448","1":"product","2":"type-product","3":"status-publish","4":"has-post-thumbnail","6":"product_cat-webshop-pl","7":"product_tag-sprzedaz","8":"product_shipping_class-ciezki","10":"first","11":"instock","12":"taxable","13":"shipping-taxable","14":"purchasable","15":"product-type-simple"},"_links":{"self":[{"href":"https:\/\/truckdoctor.nl\/pl\/wp-json\/wp\/v2\/product\/105448","targetHints":{"allow":["GET"]}}],"collection":[{"href":"https:\/\/truckdoctor.nl\/pl\/wp-json\/wp\/v2\/product"}],"about":[{"href":"https:\/\/truckdoctor.nl\/pl\/wp-json\/wp\/v2\/types\/product"}],"wp:featuredmedia":[{"embeddable":true,"href":"https:\/\/truckdoctor.nl\/pl\/wp-json\/wp\/v2\/media\/104169"}],"wp:attachment":[{"href":"https:\/\/truckdoctor.nl\/pl\/wp-json\/wp\/v2\/media?parent=105448"}],"wp:term":[{"taxonomy":"product_brand","embeddable":true,"href":"https:\/\/truckdoctor.nl\/pl\/wp-json\/wp\/v2\/product_brand?post=105448"},{"taxonomy":"product_cat","embeddable":true,"href":"https:\/\/truckdoctor.nl\/pl\/wp-json\/wp\/v2\/product_cat?post=105448"},{"taxonomy":"product_tag","embeddable":true,"href":"https:\/\/truckdoctor.nl\/pl\/wp-json\/wp\/v2\/product_tag?post=105448"}],"curies":[{"name":"wp","href":"https:\/\/api.w.org\/{rel}","templated":true}]}}