{"id":105447,"date":"2025-01-06T11:32:01","date_gmt":"2025-01-06T10:32:01","guid":{"rendered":"https:\/\/truckdoctor.nl\/product\/vorkwiel-70x80\/"},"modified":"2025-01-06T11:32:01","modified_gmt":"2025-01-06T10:32:01","slug":"vorkwiel-70x80","status":"publish","type":"product","link":"https:\/\/truckdoctor.nl\/pl\/produkt\/vorkwiel-70x80\/","title":{"rendered":"Ko\u0142o wid\u0142owe 70&#215;80"},"content":{"rendered":"<p>Ko\u0142o widelca<br \/>\nPoliuretan Wymiary:<br \/>\n Szeroki: 70mm<br \/>\nWysoka \u015brednica: 80mm<br \/>\n\u015arednica otworu osi: 20mm<\/p>\n","protected":false},"excerpt":{"rendered":"<p>Ko\u0142o widelca Poliuretan Wymiary: Szeroki: 70mm Wysoka \u015brednica: 80mm \u015arednica otworu osi: 20mm<\/p>\n","protected":false},"featured_media":104162,"template":"","meta":{"_et_pb_use_builder":"","_et_pb_old_content":"","_et_gb_content_width":"","inline_featured_image":false},"product_brand":[],"product_cat":[318],"product_tag":[254],"class_list":{"0":"post-105447","1":"product","2":"type-product","3":"status-publish","4":"has-post-thumbnail","6":"product_cat-webshop-pl","7":"product_tag-sprzedaz","9":"first","10":"instock","11":"taxable","12":"shipping-taxable","13":"purchasable","14":"product-type-simple"},"_links":{"self":[{"href":"https:\/\/truckdoctor.nl\/pl\/wp-json\/wp\/v2\/product\/105447","targetHints":{"allow":["GET"]}}],"collection":[{"href":"https:\/\/truckdoctor.nl\/pl\/wp-json\/wp\/v2\/product"}],"about":[{"href":"https:\/\/truckdoctor.nl\/pl\/wp-json\/wp\/v2\/types\/product"}],"wp:featuredmedia":[{"embeddable":true,"href":"https:\/\/truckdoctor.nl\/pl\/wp-json\/wp\/v2\/media\/104162"}],"wp:attachment":[{"href":"https:\/\/truckdoctor.nl\/pl\/wp-json\/wp\/v2\/media?parent=105447"}],"wp:term":[{"taxonomy":"product_brand","embeddable":true,"href":"https:\/\/truckdoctor.nl\/pl\/wp-json\/wp\/v2\/product_brand?post=105447"},{"taxonomy":"product_cat","embeddable":true,"href":"https:\/\/truckdoctor.nl\/pl\/wp-json\/wp\/v2\/product_cat?post=105447"},{"taxonomy":"product_tag","embeddable":true,"href":"https:\/\/truckdoctor.nl\/pl\/wp-json\/wp\/v2\/product_tag?post=105447"}],"curies":[{"name":"wp","href":"https:\/\/api.w.org\/{rel}","templated":true}]}}