{"id":105393,"date":"2015-11-04T16:52:08","date_gmt":"2015-11-04T15:52:08","guid":{"rendered":"https:\/\/truckdoctor.nl\/product\/accelerator\/"},"modified":"2015-11-04T16:52:08","modified_gmt":"2015-11-04T15:52:08","slug":"accelerator","status":"publish","type":"product","link":"https:\/\/truckdoctor.nl\/pl\/produkt\/accelerator\/","title":{"rendered":"Akcelerator"},"content":{"rendered":"<p>Akcelerator Jungheinrich, regulator pr\u0119dko\u015bci. Naprawa lub wymiana (je\u015bli jest w magazynie)<br \/>Naprawa lub wymiana (je\u015bli jest w magazynie) <\/p>\n","protected":false},"excerpt":{"rendered":"<p>Jungheinrich EJC10 12 ELE Nr art.: 50005082<\/p>\n","protected":false},"featured_media":109397,"template":"","meta":{"_et_pb_use_builder":"","_et_pb_old_content":"","_et_gb_content_width":"","inline_featured_image":false},"product_brand":[],"product_cat":[296,295,667],"product_tag":[253],"class_list":{"0":"post-105393","1":"product","2":"type-product","3":"status-publish","4":"has-post-thumbnail","6":"product_cat-ejc10-powiedzial","7":"product_cat-jungheinrich-pl","8":"product_cat-reparatie-pl","9":"product_tag-naprawa","11":"first","12":"instock","13":"taxable","14":"shipping-taxable","15":"purchasable","16":"product-type-simple"},"_links":{"self":[{"href":"https:\/\/truckdoctor.nl\/pl\/wp-json\/wp\/v2\/product\/105393","targetHints":{"allow":["GET"]}}],"collection":[{"href":"https:\/\/truckdoctor.nl\/pl\/wp-json\/wp\/v2\/product"}],"about":[{"href":"https:\/\/truckdoctor.nl\/pl\/wp-json\/wp\/v2\/types\/product"}],"wp:featuredmedia":[{"embeddable":true,"href":"https:\/\/truckdoctor.nl\/pl\/wp-json\/wp\/v2\/media\/109397"}],"wp:attachment":[{"href":"https:\/\/truckdoctor.nl\/pl\/wp-json\/wp\/v2\/media?parent=105393"}],"wp:term":[{"taxonomy":"product_brand","embeddable":true,"href":"https:\/\/truckdoctor.nl\/pl\/wp-json\/wp\/v2\/product_brand?post=105393"},{"taxonomy":"product_cat","embeddable":true,"href":"https:\/\/truckdoctor.nl\/pl\/wp-json\/wp\/v2\/product_cat?post=105393"},{"taxonomy":"product_tag","embeddable":true,"href":"https:\/\/truckdoctor.nl\/pl\/wp-json\/wp\/v2\/product_tag?post=105393"}],"curies":[{"name":"wp","href":"https:\/\/api.w.org\/{rel}","templated":true}]}}