{"id":106288,"date":"2016-12-22T08:54:02","date_gmt":"2016-12-22T07:54:02","guid":{"rendered":"https:\/\/truckdoctor.nl\/product\/3903601048\/"},"modified":"2016-12-22T08:54:02","modified_gmt":"2016-12-22T07:54:02","slug":"3903601048","status":"publish","type":"product","link":"https:\/\/truckdoctor.nl\/fr\/produit\/3903601048\/","title":{"rendered":"LDC-70\/11"},"content":{"rendered":"<p>LDC-70\/11 et LDC-70\/12 &nbsp;Unit\u00e9 de commande de levage de rangs.&nbsp;R\u00e9paration ou \u00e9change (si en stock).<br \/>Utilis\u00e9 dans les s\u00e9ries Linde E20\/25\/30\/35 387<\/p>\n","protected":false},"excerpt":{"rendered":"<p>Num\u00e9ro de l\u2019article&nbsp;: 3903601048, 3903700127, 3903700561<\/p>\n","protected":false},"featured_media":106290,"template":"","meta":{"_et_pb_use_builder":"","_et_pb_old_content":"","_et_gb_content_width":"","inline_featured_image":false},"product_brand":[],"product_cat":[290,668,438],"product_tag":[249],"class_list":{"0":"post-106288","1":"product","2":"type-product","3":"status-publish","4":"has-post-thumbnail","6":"product_cat-fenwick","7":"product_cat-reparation","8":"product_cat-serie-387-fr","9":"product_tag-reparation","11":"first","12":"instock","13":"taxable","14":"shipping-taxable","15":"purchasable","16":"product-type-simple"},"_links":{"self":[{"href":"https:\/\/truckdoctor.nl\/fr\/wp-json\/wp\/v2\/product\/106288","targetHints":{"allow":["GET"]}}],"collection":[{"href":"https:\/\/truckdoctor.nl\/fr\/wp-json\/wp\/v2\/product"}],"about":[{"href":"https:\/\/truckdoctor.nl\/fr\/wp-json\/wp\/v2\/types\/product"}],"wp:featuredmedia":[{"embeddable":true,"href":"https:\/\/truckdoctor.nl\/fr\/wp-json\/wp\/v2\/media\/106290"}],"wp:attachment":[{"href":"https:\/\/truckdoctor.nl\/fr\/wp-json\/wp\/v2\/media?parent=106288"}],"wp:term":[{"taxonomy":"product_brand","embeddable":true,"href":"https:\/\/truckdoctor.nl\/fr\/wp-json\/wp\/v2\/product_brand?post=106288"},{"taxonomy":"product_cat","embeddable":true,"href":"https:\/\/truckdoctor.nl\/fr\/wp-json\/wp\/v2\/product_cat?post=106288"},{"taxonomy":"product_tag","embeddable":true,"href":"https:\/\/truckdoctor.nl\/fr\/wp-json\/wp\/v2\/product_tag?post=106288"}],"curies":[{"name":"wp","href":"https:\/\/api.w.org\/{rel}","templated":true}]}}