{"id":106230,"date":"2016-04-27T11:00:37","date_gmt":"2016-04-27T10:00:37","guid":{"rendered":"https:\/\/truckdoctor.nl\/product\/3903608400\/"},"modified":"2025-07-03T11:30:57","modified_gmt":"2025-07-03T10:30:57","slug":"3903608400","status":"publish","type":"product","link":"https:\/\/truckdoctor.nl\/fr\/produit\/3903608400\/","title":{"rendered":"LES-36\/10 LS05"},"content":{"rendered":"<p>R\u00e9paration ou \u00e9change (si disponible)<br \/>\nSyst\u00e8me Linde LES. Unit\u00e9 de commande utilis\u00e9e dans les s\u00e9ries L14\/L16 372 <\/p>\n","protected":false},"excerpt":{"rendered":"<p>Num\u00e9ro d\u2019article 3903608400<\/p>\n","protected":false},"featured_media":106232,"template":"","meta":{"_et_pb_use_builder":"","_et_pb_old_content":"","_et_gb_content_width":"","inline_featured_image":false},"product_brand":[],"product_cat":[290,668,418],"product_tag":[249],"class_list":{"0":"post-106230","1":"product","2":"type-product","3":"status-publish","4":"has-post-thumbnail","6":"product_cat-fenwick","7":"product_cat-reparation","8":"product_cat-serie-372-fr","9":"product_tag-reparation","11":"first","12":"instock","13":"taxable","14":"shipping-taxable","15":"purchasable","16":"product-type-simple"},"_links":{"self":[{"href":"https:\/\/truckdoctor.nl\/fr\/wp-json\/wp\/v2\/product\/106230","targetHints":{"allow":["GET"]}}],"collection":[{"href":"https:\/\/truckdoctor.nl\/fr\/wp-json\/wp\/v2\/product"}],"about":[{"href":"https:\/\/truckdoctor.nl\/fr\/wp-json\/wp\/v2\/types\/product"}],"wp:featuredmedia":[{"embeddable":true,"href":"https:\/\/truckdoctor.nl\/fr\/wp-json\/wp\/v2\/media\/106232"}],"wp:attachment":[{"href":"https:\/\/truckdoctor.nl\/fr\/wp-json\/wp\/v2\/media?parent=106230"}],"wp:term":[{"taxonomy":"product_brand","embeddable":true,"href":"https:\/\/truckdoctor.nl\/fr\/wp-json\/wp\/v2\/product_brand?post=106230"},{"taxonomy":"product_cat","embeddable":true,"href":"https:\/\/truckdoctor.nl\/fr\/wp-json\/wp\/v2\/product_cat?post=106230"},{"taxonomy":"product_tag","embeddable":true,"href":"https:\/\/truckdoctor.nl\/fr\/wp-json\/wp\/v2\/product_tag?post=106230"}],"curies":[{"name":"wp","href":"https:\/\/api.w.org\/{rel}","templated":true}]}}