{"id":106188,"date":"2015-12-16T09:30:15","date_gmt":"2015-12-16T08:30:15","guid":{"rendered":"https:\/\/truckdoctor.nl\/product\/5801783\/"},"modified":"2025-07-03T11:30:12","modified_gmt":"2025-07-03T10:30:12","slug":"5801783","status":"publish","type":"product","link":"https:\/\/truckdoctor.nl\/fr\/produit\/5801783\/","title":{"rendered":"ZAPI H-0"},"content":{"rendered":"<p>R\u00e8gles de conduite Zapi H0 24\/230. FH2120A.<br \/>\nUtilis\u00e9 dans Lafis LEH16c, LEH20c. \u00c9galement dans certains mod\u00e8les Atlet.<br \/>\nR\u00e9paration ou \u00e9change (si en stock)  <\/p>\n","protected":false},"excerpt":{"rendered":"<p>Num\u00e9ro de l\u2019article&nbsp;: 5801783<\/p>\n","protected":false},"featured_media":108952,"template":"","meta":{"_et_pb_use_builder":"","_et_pb_old_content":"","_et_gb_content_width":"","inline_featured_image":false},"product_brand":[],"product_cat":[626,627,628,668,511],"product_tag":[249],"class_list":{"0":"post-106188","1":"product","2":"type-product","3":"status-publish","4":"has-post-thumbnail","6":"product_cat-lafis-fr","7":"product_cat-leh16c-fr","8":"product_cat-leh20c-fr","9":"product_cat-reparation","10":"product_cat-zapi-fr","11":"product_tag-reparation","13":"first","14":"instock","15":"taxable","16":"shipping-taxable","17":"purchasable","18":"product-type-simple"},"_links":{"self":[{"href":"https:\/\/truckdoctor.nl\/fr\/wp-json\/wp\/v2\/product\/106188","targetHints":{"allow":["GET"]}}],"collection":[{"href":"https:\/\/truckdoctor.nl\/fr\/wp-json\/wp\/v2\/product"}],"about":[{"href":"https:\/\/truckdoctor.nl\/fr\/wp-json\/wp\/v2\/types\/product"}],"wp:featuredmedia":[{"embeddable":true,"href":"https:\/\/truckdoctor.nl\/fr\/wp-json\/wp\/v2\/media\/108952"}],"wp:attachment":[{"href":"https:\/\/truckdoctor.nl\/fr\/wp-json\/wp\/v2\/media?parent=106188"}],"wp:term":[{"taxonomy":"product_brand","embeddable":true,"href":"https:\/\/truckdoctor.nl\/fr\/wp-json\/wp\/v2\/product_brand?post=106188"},{"taxonomy":"product_cat","embeddable":true,"href":"https:\/\/truckdoctor.nl\/fr\/wp-json\/wp\/v2\/product_cat?post=106188"},{"taxonomy":"product_tag","embeddable":true,"href":"https:\/\/truckdoctor.nl\/fr\/wp-json\/wp\/v2\/product_tag?post=106188"}],"curies":[{"name":"wp","href":"https:\/\/api.w.org\/{rel}","templated":true}]}}