{"id":106172,"date":"2015-12-03T11:16:04","date_gmt":"2015-12-03T11:16:04","guid":{"rendered":"https:\/\/truckdoctor.nl\/product\/50303056\/"},"modified":"2015-12-03T11:16:04","modified_gmt":"2015-12-03T10:16:04","slug":"50303056","status":"publish","type":"product","link":"https:\/\/truckdoctor.nl\/fr\/produit\/50303056\/","title":{"rendered":"Mikropuls AS2405F"},"content":{"rendered":"<p>Contr\u00f4le de conduite Jungheinrich Mikropuls AS2405F. R\u00e9paration ou \u00e9change (si en stock).<br \/>Utilis\u00e9 dans Jungheinrich EJE116.<br \/>*Veuillez noter que ces unit\u00e9s ne sont interchangeables qu\u2019avec des num\u00e9ros d\u2019article identiques* <\/p>\n","protected":false},"excerpt":{"rendered":"<p>Num\u00e9ro de l\u2019article&nbsp;: 50303056<\/p>\n","protected":false},"featured_media":106174,"template":"","meta":{"_et_pb_use_builder":"","_et_pb_old_content":"","_et_gb_content_width":"","inline_featured_image":false},"product_brand":[],"product_cat":[594,302,668],"product_tag":[249],"class_list":{"0":"post-106172","1":"product","2":"type-product","3":"status-publish","4":"has-post-thumbnail","6":"product_cat-eje116-fr","7":"product_cat-jungheinrich-fr","8":"product_cat-reparation","9":"product_tag-reparation","11":"first","12":"instock","13":"taxable","14":"shipping-taxable","15":"purchasable","16":"product-type-simple"},"_links":{"self":[{"href":"https:\/\/truckdoctor.nl\/fr\/wp-json\/wp\/v2\/product\/106172","targetHints":{"allow":["GET"]}}],"collection":[{"href":"https:\/\/truckdoctor.nl\/fr\/wp-json\/wp\/v2\/product"}],"about":[{"href":"https:\/\/truckdoctor.nl\/fr\/wp-json\/wp\/v2\/types\/product"}],"wp:featuredmedia":[{"embeddable":true,"href":"https:\/\/truckdoctor.nl\/fr\/wp-json\/wp\/v2\/media\/106174"}],"wp:attachment":[{"href":"https:\/\/truckdoctor.nl\/fr\/wp-json\/wp\/v2\/media?parent=106172"}],"wp:term":[{"taxonomy":"product_brand","embeddable":true,"href":"https:\/\/truckdoctor.nl\/fr\/wp-json\/wp\/v2\/product_brand?post=106172"},{"taxonomy":"product_cat","embeddable":true,"href":"https:\/\/truckdoctor.nl\/fr\/wp-json\/wp\/v2\/product_cat?post=106172"},{"taxonomy":"product_tag","embeddable":true,"href":"https:\/\/truckdoctor.nl\/fr\/wp-json\/wp\/v2\/product_tag?post=106172"}],"curies":[{"name":"wp","href":"https:\/\/api.w.org\/{rel}","templated":true}]}}