{"id":106149,"date":"2015-12-03T10:12:00","date_gmt":"2015-12-03T09:12:00","guid":{"rendered":"https:\/\/truckdoctor.nl\/product\/3903601567\/"},"modified":"2025-07-03T11:29:25","modified_gmt":"2025-07-03T10:29:25","slug":"3903601567","status":"publish","type":"product","link":"https:\/\/truckdoctor.nl\/fr\/produit\/3903601567\/","title":{"rendered":"LDC-60\/11"},"content":{"rendered":"<p>LDC-60\/11 CE04 Unit\u00e9 de commande de l\u2019\u00e9l\u00e9vateur. R\u00e9paration ou \u00e9change (si en stock)<br \/>\nUtilis\u00e9 dans la s\u00e9rie Linde E12\/14\/15\/16\/18\/20 386 <\/p>\n","protected":false},"excerpt":{"rendered":"<p>Num\u00e9ro de l\u2019article&nbsp;: 3903601567, 3903601496<\/p>\n","protected":false},"featured_media":109337,"template":"","meta":{"_et_pb_use_builder":"","_et_pb_old_content":"","_et_gb_content_width":"","inline_featured_image":false},"product_brand":[],"product_cat":[290,668,473],"product_tag":[249],"class_list":{"0":"post-106149","1":"product","2":"type-product","3":"status-publish","4":"has-post-thumbnail","6":"product_cat-fenwick","7":"product_cat-reparation","8":"product_cat-serie-386-fr","9":"product_tag-reparation","11":"first","12":"instock","13":"taxable","14":"shipping-taxable","15":"purchasable","16":"product-type-simple"},"_links":{"self":[{"href":"https:\/\/truckdoctor.nl\/fr\/wp-json\/wp\/v2\/product\/106149","targetHints":{"allow":["GET"]}}],"collection":[{"href":"https:\/\/truckdoctor.nl\/fr\/wp-json\/wp\/v2\/product"}],"about":[{"href":"https:\/\/truckdoctor.nl\/fr\/wp-json\/wp\/v2\/types\/product"}],"wp:featuredmedia":[{"embeddable":true,"href":"https:\/\/truckdoctor.nl\/fr\/wp-json\/wp\/v2\/media\/109337"}],"wp:attachment":[{"href":"https:\/\/truckdoctor.nl\/fr\/wp-json\/wp\/v2\/media?parent=106149"}],"wp:term":[{"taxonomy":"product_brand","embeddable":true,"href":"https:\/\/truckdoctor.nl\/fr\/wp-json\/wp\/v2\/product_brand?post=106149"},{"taxonomy":"product_cat","embeddable":true,"href":"https:\/\/truckdoctor.nl\/fr\/wp-json\/wp\/v2\/product_cat?post=106149"},{"taxonomy":"product_tag","embeddable":true,"href":"https:\/\/truckdoctor.nl\/fr\/wp-json\/wp\/v2\/product_tag?post=106149"}],"curies":[{"name":"wp","href":"https:\/\/api.w.org\/{rel}","templated":true}]}}