{"id":106138,"date":"2015-12-03T10:05:40","date_gmt":"2015-12-03T09:05:40","guid":{"rendered":"https:\/\/truckdoctor.nl\/product\/3903608806\/"},"modified":"2025-07-03T11:28:42","modified_gmt":"2025-07-03T10:28:42","slug":"3903608806","status":"publish","type":"product","link":"https:\/\/truckdoctor.nl\/fr\/produit\/3903608806\/","title":{"rendered":"LES-25\/11 LS01"},"content":{"rendered":"<p>Unit\u00e9 LES pour la direction assist\u00e9e. R\u00e9paration ou mue (si disponible).<br \/>\n\u00c0 utiliser dans&nbsp;:<br \/>\nL12\/16 (s\u00e9rie 139)<br \/>\nT20S\/T20SF (s\u00e9rie 144)<br \/>\nN20\/N25 (s\u00e9rie 149) <\/p>\n","protected":false},"excerpt":{"rendered":"<p>Num\u00e9ro d\u2019article&nbsp;: 3903608806, 3903608817<\/p>\n","protected":false},"featured_media":108315,"template":"","meta":{"_et_pb_use_builder":"","_et_pb_old_content":"","_et_gb_content_width":"","inline_featured_image":false},"product_brand":[],"product_cat":[290,668,293,291,294],"product_tag":[249],"class_list":{"0":"post-106138","1":"product","2":"type-product","3":"status-publish","4":"has-post-thumbnail","6":"product_cat-fenwick","7":"product_cat-reparation","8":"product_cat-serie-140-fr","9":"product_cat-serie-144-fr","10":"product_cat-serie-149-fr","11":"product_tag-reparation","13":"first","14":"instock","15":"taxable","16":"shipping-taxable","17":"purchasable","18":"product-type-simple"},"_links":{"self":[{"href":"https:\/\/truckdoctor.nl\/fr\/wp-json\/wp\/v2\/product\/106138","targetHints":{"allow":["GET"]}}],"collection":[{"href":"https:\/\/truckdoctor.nl\/fr\/wp-json\/wp\/v2\/product"}],"about":[{"href":"https:\/\/truckdoctor.nl\/fr\/wp-json\/wp\/v2\/types\/product"}],"wp:featuredmedia":[{"embeddable":true,"href":"https:\/\/truckdoctor.nl\/fr\/wp-json\/wp\/v2\/media\/108315"}],"wp:attachment":[{"href":"https:\/\/truckdoctor.nl\/fr\/wp-json\/wp\/v2\/media?parent=106138"}],"wp:term":[{"taxonomy":"product_brand","embeddable":true,"href":"https:\/\/truckdoctor.nl\/fr\/wp-json\/wp\/v2\/product_brand?post=106138"},{"taxonomy":"product_cat","embeddable":true,"href":"https:\/\/truckdoctor.nl\/fr\/wp-json\/wp\/v2\/product_cat?post=106138"},{"taxonomy":"product_tag","embeddable":true,"href":"https:\/\/truckdoctor.nl\/fr\/wp-json\/wp\/v2\/product_tag?post=106138"}],"curies":[{"name":"wp","href":"https:\/\/api.w.org\/{rel}","templated":true}]}}