{"id":106103,"date":"2015-12-03T09:38:19","date_gmt":"2015-12-03T08:38:19","guid":{"rendered":"https:\/\/truckdoctor.nl\/product\/3903606319\/"},"modified":"2025-03-24T08:11:38","modified_gmt":"2025-03-24T07:11:38","slug":"3903606319","status":"publish","type":"product","link":"https:\/\/truckdoctor.nl\/fr\/produit\/3903606319\/","title":{"rendered":"Limiteur de vitesse"},"content":{"rendered":"<p>Les unit\u00e9s peuvent \u00eatre r\u00e9gl\u00e9es de 15 Km\/h \u00e0 10 Km\/h. ou de 10 Km\/h \u00e0 15 Km\/h.<br \/>\n3903606319 -&gt; 15 Km\/h<br \/>\n3903606331 -&gt; 15 Km\/h<br \/>\n3903607719 -&gt; 15 Km\/h<br \/>\n3903607731 -&gt; 15 Km\/h<br \/>\n3903606348 -&gt; 10 Km\/h<br \/>\n3903606347 -&gt; 15 Km\/h<br \/>\notre num\u00e9ro de produit ne figure pas dans la liste ci-dessus ? N\u2019h\u00e9sitez pas \u00e0 nous contacter ! Il y a de fortes chances que nous puissions r\u00e9parer ou modifier l\u2019unit\u00e9.<\/p>\n","protected":false},"excerpt":{"rendered":"<p>R\u00e9f\u00e9rence : 3903606319, ajuster le limiteur<\/p>\n","protected":false},"featured_media":104379,"template":"","meta":{"_et_pb_use_builder":"","_et_pb_old_content":"","_et_gb_content_width":"","inline_featured_image":false},"product_brand":[],"product_cat":[290,668,474],"product_tag":[249],"class_list":{"0":"post-106103","1":"product","2":"type-product","3":"status-publish","4":"has-post-thumbnail","6":"product_cat-fenwick","7":"product_cat-reparation","8":"product_cat-serie-335-fr","9":"product_tag-reparation","11":"first","12":"instock","13":"taxable","14":"shipping-taxable","15":"purchasable","16":"product-type-simple"},"_links":{"self":[{"href":"https:\/\/truckdoctor.nl\/fr\/wp-json\/wp\/v2\/product\/106103","targetHints":{"allow":["GET"]}}],"collection":[{"href":"https:\/\/truckdoctor.nl\/fr\/wp-json\/wp\/v2\/product"}],"about":[{"href":"https:\/\/truckdoctor.nl\/fr\/wp-json\/wp\/v2\/types\/product"}],"wp:featuredmedia":[{"embeddable":true,"href":"https:\/\/truckdoctor.nl\/fr\/wp-json\/wp\/v2\/media\/104379"}],"wp:attachment":[{"href":"https:\/\/truckdoctor.nl\/fr\/wp-json\/wp\/v2\/media?parent=106103"}],"wp:term":[{"taxonomy":"product_brand","embeddable":true,"href":"https:\/\/truckdoctor.nl\/fr\/wp-json\/wp\/v2\/product_brand?post=106103"},{"taxonomy":"product_cat","embeddable":true,"href":"https:\/\/truckdoctor.nl\/fr\/wp-json\/wp\/v2\/product_cat?post=106103"},{"taxonomy":"product_tag","embeddable":true,"href":"https:\/\/truckdoctor.nl\/fr\/wp-json\/wp\/v2\/product_tag?post=106103"}],"curies":[{"name":"wp","href":"https:\/\/api.w.org\/{rel}","templated":true}]}}