{"id":106091,"date":"2015-12-02T09:20:32","date_gmt":"2015-12-02T08:20:32","guid":{"rendered":"https:\/\/truckdoctor.nl\/product\/11523531026\/"},"modified":"2015-12-02T09:20:32","modified_gmt":"2015-12-02T08:20:32","slug":"11523531026","status":"publish","type":"product","link":"https:\/\/truckdoctor.nl\/fr\/produit\/11523531026\/","title":{"rendered":"Chargeur HF"},"content":{"rendered":"<p>R\u00e9paration des chargeurs int\u00e9gr\u00e9s HF.<br \/>Convient pour les s\u00e9ries Linde T16\/T18\/T20 1151 et 1152<\/p>\n<p> <\/p>\n","protected":false},"excerpt":{"rendered":"<p>Num\u00e9ro de l\u2019article&nbsp;: 11523531026, 11523531032, 11523531048<\/p>\n","protected":false},"featured_media":106093,"template":"","meta":{"_et_pb_use_builder":"","_et_pb_old_content":"","_et_gb_content_width":"","inline_featured_image":false},"product_brand":[],"product_cat":[290,668,463],"product_tag":[249],"class_list":{"0":"post-106091","1":"product","2":"type-product","3":"status-publish","4":"has-post-thumbnail","6":"product_cat-fenwick","7":"product_cat-reparation","8":"product_cat-serie-1152-fr","9":"product_tag-reparation","11":"first","12":"instock","13":"taxable","14":"shipping-taxable","15":"purchasable","16":"product-type-simple"},"_links":{"self":[{"href":"https:\/\/truckdoctor.nl\/fr\/wp-json\/wp\/v2\/product\/106091","targetHints":{"allow":["GET"]}}],"collection":[{"href":"https:\/\/truckdoctor.nl\/fr\/wp-json\/wp\/v2\/product"}],"about":[{"href":"https:\/\/truckdoctor.nl\/fr\/wp-json\/wp\/v2\/types\/product"}],"wp:featuredmedia":[{"embeddable":true,"href":"https:\/\/truckdoctor.nl\/fr\/wp-json\/wp\/v2\/media\/106093"}],"wp:attachment":[{"href":"https:\/\/truckdoctor.nl\/fr\/wp-json\/wp\/v2\/media?parent=106091"}],"wp:term":[{"taxonomy":"product_brand","embeddable":true,"href":"https:\/\/truckdoctor.nl\/fr\/wp-json\/wp\/v2\/product_brand?post=106091"},{"taxonomy":"product_cat","embeddable":true,"href":"https:\/\/truckdoctor.nl\/fr\/wp-json\/wp\/v2\/product_cat?post=106091"},{"taxonomy":"product_tag","embeddable":true,"href":"https:\/\/truckdoctor.nl\/fr\/wp-json\/wp\/v2\/product_tag?post=106091"}],"curies":[{"name":"wp","href":"https:\/\/api.w.org\/{rel}","templated":true}]}}