{"id":106080,"date":"2015-12-01T11:43:38","date_gmt":"2015-12-01T10:43:38","guid":{"rendered":"https:\/\/truckdoctor.nl\/product\/special1\/"},"modified":"2015-12-01T11:43:38","modified_gmt":"2015-12-01T10:43:38","slug":"special1","status":"publish","type":"product","link":"https:\/\/truckdoctor.nl\/fr\/produit\/special1\/","title":{"rendered":"Limiteur de course et de vitesse de levage"},"content":{"rendered":"<p>Sp\u00e9cialement d\u00e9velopp\u00e9 pour les transpalettes Linde.<br \/>Facile \u00e0 r\u00e9gler au moyen d\u2019un potentiom\u00e8tre. Demandez le prix et les possibilit\u00e9s.<br \/>Tous les param\u00e8tres restent intacts. Aucune modification logicielle n\u2019est n\u00e9cessaire. Vous n\u2019envoyez que la t\u00eate de contr\u00f4le.<br \/>\u00c0 utiliser dans<br \/> Linde s\u00e9rie T16\/18\/20 360<br \/>S\u00e9ries Linde 141 et 144 (T20AP\/T20SF)<br \/>Linde s\u00e9ries 372 et 379 (L14\/L16)   <\/p>\n","protected":false},"excerpt":{"rendered":"<p>Limiteur r\u00e9glable pour la vitesse au sol et la vitesse de levage.<\/p>\n","protected":false},"featured_media":106082,"template":"","meta":{"_et_pb_use_builder":"","_et_pb_old_content":"","_et_gb_content_width":"","inline_featured_image":false},"product_brand":[],"product_cat":[290,668,605],"product_tag":[249],"class_list":{"0":"post-106080","1":"product","2":"type-product","3":"status-publish","4":"has-post-thumbnail","6":"product_cat-fenwick","7":"product_cat-reparation","8":"product_cat-serie-360-fr","9":"product_tag-reparation","11":"first","12":"instock","13":"taxable","14":"shipping-taxable","15":"purchasable","16":"product-type-simple"},"_links":{"self":[{"href":"https:\/\/truckdoctor.nl\/fr\/wp-json\/wp\/v2\/product\/106080","targetHints":{"allow":["GET"]}}],"collection":[{"href":"https:\/\/truckdoctor.nl\/fr\/wp-json\/wp\/v2\/product"}],"about":[{"href":"https:\/\/truckdoctor.nl\/fr\/wp-json\/wp\/v2\/types\/product"}],"wp:featuredmedia":[{"embeddable":true,"href":"https:\/\/truckdoctor.nl\/fr\/wp-json\/wp\/v2\/media\/106082"}],"wp:attachment":[{"href":"https:\/\/truckdoctor.nl\/fr\/wp-json\/wp\/v2\/media?parent=106080"}],"wp:term":[{"taxonomy":"product_brand","embeddable":true,"href":"https:\/\/truckdoctor.nl\/fr\/wp-json\/wp\/v2\/product_brand?post=106080"},{"taxonomy":"product_cat","embeddable":true,"href":"https:\/\/truckdoctor.nl\/fr\/wp-json\/wp\/v2\/product_cat?post=106080"},{"taxonomy":"product_tag","embeddable":true,"href":"https:\/\/truckdoctor.nl\/fr\/wp-json\/wp\/v2\/product_tag?post=106080"}],"curies":[{"name":"wp","href":"https:\/\/api.w.org\/{rel}","templated":true}]}}