{"id":106022,"date":"2015-11-30T15:00:50","date_gmt":"2015-11-30T14:00:50","guid":{"rendered":"https:\/\/truckdoctor.nl\/product\/sem-zero%2c-fs2089\/"},"modified":"2025-02-18T10:33:56","modified_gmt":"2025-02-18T09:33:56","slug":"sem-zero-fs2089","status":"publish","type":"product","link":"https:\/\/truckdoctor.nl\/fr\/produit\/sem-zero-fs2089\/","title":{"rendered":"SEM Zero, FS2089"},"content":{"rendered":"<p>Unit\u00e9 de contr\u00f4le de r\u00e9paration\/d\u2019\u00e9change Sem Zero 24\/75 : BT LW13 minimover<br \/>\nNum\u00e9ro d\u2019article Zapi : FS2089<\/p>\n","protected":false},"excerpt":{"rendered":"<p>N\u00b0 d\u2019article\u00a0: 168217-001<\/p>\n","protected":false},"featured_media":109056,"template":"","meta":{"_et_pb_use_builder":"","_et_pb_old_content":"","_et_gb_content_width":"","inline_featured_image":false},"product_brand":[],"product_cat":[267,588,668,511],"product_tag":[249],"class_list":{"0":"post-106022","1":"product","2":"type-product","3":"status-publish","4":"has-post-thumbnail","6":"product_cat-bt-toyota-fr","7":"product_cat-lw13-minimover-fr","8":"product_cat-reparation","9":"product_cat-zapi-fr","10":"product_tag-reparation","12":"first","13":"instock","14":"taxable","15":"shipping-taxable","16":"purchasable","17":"product-type-simple"},"_links":{"self":[{"href":"https:\/\/truckdoctor.nl\/fr\/wp-json\/wp\/v2\/product\/106022","targetHints":{"allow":["GET"]}}],"collection":[{"href":"https:\/\/truckdoctor.nl\/fr\/wp-json\/wp\/v2\/product"}],"about":[{"href":"https:\/\/truckdoctor.nl\/fr\/wp-json\/wp\/v2\/types\/product"}],"wp:featuredmedia":[{"embeddable":true,"href":"https:\/\/truckdoctor.nl\/fr\/wp-json\/wp\/v2\/media\/109056"}],"wp:attachment":[{"href":"https:\/\/truckdoctor.nl\/fr\/wp-json\/wp\/v2\/media?parent=106022"}],"wp:term":[{"taxonomy":"product_brand","embeddable":true,"href":"https:\/\/truckdoctor.nl\/fr\/wp-json\/wp\/v2\/product_brand?post=106022"},{"taxonomy":"product_cat","embeddable":true,"href":"https:\/\/truckdoctor.nl\/fr\/wp-json\/wp\/v2\/product_cat?post=106022"},{"taxonomy":"product_tag","embeddable":true,"href":"https:\/\/truckdoctor.nl\/fr\/wp-json\/wp\/v2\/product_tag?post=106022"}],"curies":[{"name":"wp","href":"https:\/\/api.w.org\/{rel}","templated":true}]}}