{"id":106021,"date":"2015-11-30T14:55:11","date_gmt":"2015-11-30T13:55:11","guid":{"rendered":"https:\/\/truckdoctor.nl\/product\/87906402\/"},"modified":"2015-11-30T14:55:11","modified_gmt":"2015-11-30T13:55:11","slug":"87906402","status":"publish","type":"product","link":"https:\/\/truckdoctor.nl\/fr\/produit\/87906402\/","title":{"rendered":"Commande combin\u00e9e Linde E10"},"content":{"rendered":"<p>Contr\u00f4le complet de la rang\u00e9e\/de l\u2019\u00e9l\u00e9vation.<br \/>L\u2019unit\u00e9 peut \u00eatre r\u00e9par\u00e9e.<br \/>Le prix comprend l\u2019unit\u00e9 d\u00e9fectueuse de reprise.<\/p>\n","protected":false},"excerpt":{"rendered":"<p>Num\u00e9ro de l\u2019article&nbsp;: 87906402<\/p>\n","protected":false},"featured_media":106024,"template":"","meta":{"_et_pb_use_builder":"","_et_pb_old_content":"","_et_gb_content_width":"","inline_featured_image":false},"product_brand":[],"product_cat":[290,668,587],"product_tag":[249],"class_list":{"0":"post-106021","1":"product","2":"type-product","3":"status-publish","4":"has-post-thumbnail","6":"product_cat-fenwick","7":"product_cat-reparation","8":"product_cat-serie-334-fr","9":"product_tag-reparation","11":"first","12":"instock","13":"taxable","14":"shipping-taxable","15":"purchasable","16":"product-type-simple"},"_links":{"self":[{"href":"https:\/\/truckdoctor.nl\/fr\/wp-json\/wp\/v2\/product\/106021","targetHints":{"allow":["GET"]}}],"collection":[{"href":"https:\/\/truckdoctor.nl\/fr\/wp-json\/wp\/v2\/product"}],"about":[{"href":"https:\/\/truckdoctor.nl\/fr\/wp-json\/wp\/v2\/types\/product"}],"wp:featuredmedia":[{"embeddable":true,"href":"https:\/\/truckdoctor.nl\/fr\/wp-json\/wp\/v2\/media\/106024"}],"wp:attachment":[{"href":"https:\/\/truckdoctor.nl\/fr\/wp-json\/wp\/v2\/media?parent=106021"}],"wp:term":[{"taxonomy":"product_brand","embeddable":true,"href":"https:\/\/truckdoctor.nl\/fr\/wp-json\/wp\/v2\/product_brand?post=106021"},{"taxonomy":"product_cat","embeddable":true,"href":"https:\/\/truckdoctor.nl\/fr\/wp-json\/wp\/v2\/product_cat?post=106021"},{"taxonomy":"product_tag","embeddable":true,"href":"https:\/\/truckdoctor.nl\/fr\/wp-json\/wp\/v2\/product_tag?post=106021"}],"curies":[{"name":"wp","href":"https:\/\/api.w.org\/{rel}","templated":true}]}}