{"id":105951,"date":"2019-08-15T07:41:50","date_gmt":"2019-08-15T07:41:50","guid":{"rendered":"https:\/\/truckdoctor.nl\/product\/3903601028-95\/"},"modified":"2019-08-15T07:41:50","modified_gmt":"2019-08-15T06:41:50","slug":"3903601028-95","status":"publish","type":"product","link":"https:\/\/truckdoctor.nl\/fr\/produit\/3903601028-95\/","title":{"rendered":"3903601028"},"content":{"rendered":"<p>R\u00e9paration ou \u00e9change si en stock.<br \/>L\u2019unit\u00e9 de contr\u00f4le est utilis\u00e9e dans<br \/>Linde s\u00e9rie H20\/25 392<br \/>Linde S\u00e9rie H25\/30\/35 393<br \/>S\u00e9rie Linde 394<\/p><\/p>\n","protected":false},"excerpt":{"rendered":"<p>Num\u00e9ro d\u2019article&nbsp;: 3903601021<\/p>\n","protected":false},"featured_media":105498,"template":"","meta":{"_et_pb_use_builder":"","_et_pb_old_content":"","_et_gb_content_width":"","inline_featured_image":false},"product_brand":[],"product_cat":[290,668,341,342,344],"product_tag":[249],"class_list":{"0":"post-105951","1":"product","2":"type-product","3":"status-publish","4":"has-post-thumbnail","6":"product_cat-fenwick","7":"product_cat-reparation","8":"product_cat-serie-392-fr","9":"product_cat-serie-393-fr","10":"product_cat-serie-394-fr","11":"product_tag-reparation","13":"first","14":"instock","15":"taxable","16":"shipping-taxable","17":"purchasable","18":"product-type-simple"},"_links":{"self":[{"href":"https:\/\/truckdoctor.nl\/fr\/wp-json\/wp\/v2\/product\/105951","targetHints":{"allow":["GET"]}}],"collection":[{"href":"https:\/\/truckdoctor.nl\/fr\/wp-json\/wp\/v2\/product"}],"about":[{"href":"https:\/\/truckdoctor.nl\/fr\/wp-json\/wp\/v2\/types\/product"}],"wp:featuredmedia":[{"embeddable":true,"href":"https:\/\/truckdoctor.nl\/fr\/wp-json\/wp\/v2\/media\/105498"}],"wp:attachment":[{"href":"https:\/\/truckdoctor.nl\/fr\/wp-json\/wp\/v2\/media?parent=105951"}],"wp:term":[{"taxonomy":"product_brand","embeddable":true,"href":"https:\/\/truckdoctor.nl\/fr\/wp-json\/wp\/v2\/product_brand?post=105951"},{"taxonomy":"product_cat","embeddable":true,"href":"https:\/\/truckdoctor.nl\/fr\/wp-json\/wp\/v2\/product_cat?post=105951"},{"taxonomy":"product_tag","embeddable":true,"href":"https:\/\/truckdoctor.nl\/fr\/wp-json\/wp\/v2\/product_tag?post=105951"}],"curies":[{"name":"wp","href":"https:\/\/api.w.org\/{rel}","templated":true}]}}