{"id":105908,"date":"2018-10-29T14:00:14","date_gmt":"2018-10-29T14:00:14","guid":{"rendered":"https:\/\/truckdoctor.nl\/product\/3903601021\/"},"modified":"2018-10-29T14:00:14","modified_gmt":"2018-10-29T13:00:14","slug":"3903601021","status":"publish","type":"product","link":"https:\/\/truckdoctor.nl\/fr\/produit\/3903601021\/","title":{"rendered":"3903601021"},"content":{"rendered":"<p>R\u00e9paration ou \u00e9change si en stock.<br \/>L\u2019unit\u00e9 de contr\u00f4le est utilis\u00e9e dans<br \/>Linde s\u00e9rie H20\/25 392<br \/>Linde S\u00e9rie H25\/30\/35 393<\/p><\/p>\n","protected":false},"excerpt":{"rendered":"<p>Num\u00e9ro d\u2019article&nbsp;: 3903601021<\/p>\n","protected":false},"featured_media":105498,"template":"","meta":{"_et_pb_use_builder":"","_et_pb_old_content":"","_et_gb_content_width":"","inline_featured_image":false},"product_brand":[],"product_cat":[290,668,341,342],"product_tag":[249],"class_list":{"0":"post-105908","1":"product","2":"type-product","3":"status-publish","4":"has-post-thumbnail","6":"product_cat-fenwick","7":"product_cat-reparation","8":"product_cat-serie-392-fr","9":"product_cat-serie-393-fr","10":"product_tag-reparation","12":"first","13":"instock","14":"taxable","15":"shipping-taxable","16":"purchasable","17":"product-type-simple"},"_links":{"self":[{"href":"https:\/\/truckdoctor.nl\/fr\/wp-json\/wp\/v2\/product\/105908","targetHints":{"allow":["GET"]}}],"collection":[{"href":"https:\/\/truckdoctor.nl\/fr\/wp-json\/wp\/v2\/product"}],"about":[{"href":"https:\/\/truckdoctor.nl\/fr\/wp-json\/wp\/v2\/types\/product"}],"wp:featuredmedia":[{"embeddable":true,"href":"https:\/\/truckdoctor.nl\/fr\/wp-json\/wp\/v2\/media\/105498"}],"wp:attachment":[{"href":"https:\/\/truckdoctor.nl\/fr\/wp-json\/wp\/v2\/media?parent=105908"}],"wp:term":[{"taxonomy":"product_brand","embeddable":true,"href":"https:\/\/truckdoctor.nl\/fr\/wp-json\/wp\/v2\/product_brand?post=105908"},{"taxonomy":"product_cat","embeddable":true,"href":"https:\/\/truckdoctor.nl\/fr\/wp-json\/wp\/v2\/product_cat?post=105908"},{"taxonomy":"product_tag","embeddable":true,"href":"https:\/\/truckdoctor.nl\/fr\/wp-json\/wp\/v2\/product_tag?post=105908"}],"curies":[{"name":"wp","href":"https:\/\/api.w.org\/{rel}","templated":true}]}}