{"id":105849,"date":"2018-03-13T08:22:59","date_gmt":"2018-03-13T07:22:59","guid":{"rendered":"https:\/\/truckdoctor.nl\/product\/113250\/"},"modified":"2018-03-13T08:22:59","modified_gmt":"2018-03-13T07:22:59","slug":"113250","status":"publish","type":"product","link":"https:\/\/truckdoctor.nl\/fr\/produit\/113250\/","title":{"rendered":"Module d\u2019alimentation 113250"},"content":{"rendered":"<p>Module pour chariot \u00e0 m\u00e2t r\u00e9tractable Atlet.<br \/>En cas de r\u00e9paration, les param\u00e8tres sont conserv\u00e9s.<\/p><\/p>\n","protected":false},"excerpt":{"rendered":"<p>Module d\u2019alimentation 113250<\/p>\n","protected":false},"featured_media":105851,"template":"","meta":{"_et_pb_use_builder":"","_et_pb_old_content":"","_et_gb_content_width":"","inline_featured_image":false},"product_brand":[],"product_cat":[259,550,668],"product_tag":[249],"class_list":{"0":"post-105849","1":"product","2":"type-product","3":"status-publish","4":"has-post-thumbnail","6":"product_cat-atlet-fr-2","7":"product_cat-ergo-uns-uhs-uhh-fr","8":"product_cat-reparation","9":"product_tag-reparation","11":"first","12":"instock","13":"taxable","14":"shipping-taxable","15":"purchasable","16":"product-type-simple"},"_links":{"self":[{"href":"https:\/\/truckdoctor.nl\/fr\/wp-json\/wp\/v2\/product\/105849","targetHints":{"allow":["GET"]}}],"collection":[{"href":"https:\/\/truckdoctor.nl\/fr\/wp-json\/wp\/v2\/product"}],"about":[{"href":"https:\/\/truckdoctor.nl\/fr\/wp-json\/wp\/v2\/types\/product"}],"wp:featuredmedia":[{"embeddable":true,"href":"https:\/\/truckdoctor.nl\/fr\/wp-json\/wp\/v2\/media\/105851"}],"wp:attachment":[{"href":"https:\/\/truckdoctor.nl\/fr\/wp-json\/wp\/v2\/media?parent=105849"}],"wp:term":[{"taxonomy":"product_brand","embeddable":true,"href":"https:\/\/truckdoctor.nl\/fr\/wp-json\/wp\/v2\/product_brand?post=105849"},{"taxonomy":"product_cat","embeddable":true,"href":"https:\/\/truckdoctor.nl\/fr\/wp-json\/wp\/v2\/product_cat?post=105849"},{"taxonomy":"product_tag","embeddable":true,"href":"https:\/\/truckdoctor.nl\/fr\/wp-json\/wp\/v2\/product_tag?post=105849"}],"curies":[{"name":"wp","href":"https:\/\/api.w.org\/{rel}","templated":true}]}}