{"id":105759,"date":"2017-06-12T11:24:06","date_gmt":"2017-06-12T10:24:06","guid":{"rendered":"https:\/\/truckdoctor.nl\/product\/ldc-43\/"},"modified":"2025-01-15T10:46:33","modified_gmt":"2025-01-15T09:46:33","slug":"ldc-43","status":"publish","type":"product","link":"https:\/\/truckdoctor.nl\/fr\/produit\/ldc-43\/","title":{"rendered":"LDC-43\/10"},"content":{"rendered":"<p>R\u00e9paration ou \u00e9change (si en stock) Ce module combin\u00e9 est utilis\u00e9 dans : Linde E25-02, E30-02, 336-02 series<\/p>\n","protected":false},"excerpt":{"rendered":"<p>Linde 3903606368, Linde 3903601452<\/p>\n","protected":false},"featured_media":106362,"template":"","meta":{"_et_pb_use_builder":"","_et_pb_old_content":"","_et_gb_content_width":"","inline_featured_image":false},"product_brand":[],"product_cat":[290,668,313],"product_tag":[249],"class_list":{"0":"post-105759","1":"product","2":"type-product","3":"status-publish","4":"has-post-thumbnail","6":"product_cat-fenwick","7":"product_cat-reparation","8":"product_cat-serie-336-fr","9":"product_tag-reparation","11":"first","12":"instock","13":"taxable","14":"shipping-taxable","15":"purchasable","16":"product-type-simple"},"_links":{"self":[{"href":"https:\/\/truckdoctor.nl\/fr\/wp-json\/wp\/v2\/product\/105759","targetHints":{"allow":["GET"]}}],"collection":[{"href":"https:\/\/truckdoctor.nl\/fr\/wp-json\/wp\/v2\/product"}],"about":[{"href":"https:\/\/truckdoctor.nl\/fr\/wp-json\/wp\/v2\/types\/product"}],"wp:featuredmedia":[{"embeddable":true,"href":"https:\/\/truckdoctor.nl\/fr\/wp-json\/wp\/v2\/media\/106362"}],"wp:attachment":[{"href":"https:\/\/truckdoctor.nl\/fr\/wp-json\/wp\/v2\/media?parent=105759"}],"wp:term":[{"taxonomy":"product_brand","embeddable":true,"href":"https:\/\/truckdoctor.nl\/fr\/wp-json\/wp\/v2\/product_brand?post=105759"},{"taxonomy":"product_cat","embeddable":true,"href":"https:\/\/truckdoctor.nl\/fr\/wp-json\/wp\/v2\/product_cat?post=105759"},{"taxonomy":"product_tag","embeddable":true,"href":"https:\/\/truckdoctor.nl\/fr\/wp-json\/wp\/v2\/product_tag?post=105759"}],"curies":[{"name":"wp","href":"https:\/\/api.w.org\/{rel}","templated":true}]}}