{"id":105724,"date":"2021-01-07T09:25:22","date_gmt":"2021-01-07T08:25:22","guid":{"rendered":"https:\/\/truckdoctor.nl\/product\/diagnostic-cable-129\/"},"modified":"2021-01-07T09:25:22","modified_gmt":"2021-01-07T08:25:22","slug":"diagnostic-cable-129","status":"publish","type":"product","link":"https:\/\/truckdoctor.nl\/fr\/produit\/diagnostic-cable-129\/","title":{"rendered":"C\u00e2ble RS232"},"content":{"rendered":"<p>C\u00e2ble Rs232 entre le PC et le bo\u00eetier CAN Linde.<br \/>Livr\u00e9 neuf.<\/p>\n","protected":false},"excerpt":{"rendered":"<p>Article 3903820100<\/p>\n","protected":false},"featured_media":105726,"template":"","meta":{"_et_pb_use_builder":"","_et_pb_old_content":"","_et_gb_content_width":"","inline_featured_image":false},"product_brand":[],"product_cat":[497,297,669],"product_tag":[256],"class_list":{"0":"post-105724","1":"product","2":"type-product","3":"status-publish","4":"has-post-thumbnail","6":"product_cat-diagnostico","7":"product_cat-linde-es","8":"product_cat-reparatie-es","9":"product_tag-reparar","11":"first","12":"instock","13":"taxable","14":"shipping-taxable","15":"purchasable","16":"product-type-simple"},"_links":{"self":[{"href":"https:\/\/truckdoctor.nl\/fr\/wp-json\/wp\/v2\/product\/105724","targetHints":{"allow":["GET"]}}],"collection":[{"href":"https:\/\/truckdoctor.nl\/fr\/wp-json\/wp\/v2\/product"}],"about":[{"href":"https:\/\/truckdoctor.nl\/fr\/wp-json\/wp\/v2\/types\/product"}],"wp:featuredmedia":[{"embeddable":true,"href":"https:\/\/truckdoctor.nl\/fr\/wp-json\/wp\/v2\/media\/105726"}],"wp:attachment":[{"href":"https:\/\/truckdoctor.nl\/fr\/wp-json\/wp\/v2\/media?parent=105724"}],"wp:term":[{"taxonomy":"product_brand","embeddable":true,"href":"https:\/\/truckdoctor.nl\/fr\/wp-json\/wp\/v2\/product_brand?post=105724"},{"taxonomy":"product_cat","embeddable":true,"href":"https:\/\/truckdoctor.nl\/fr\/wp-json\/wp\/v2\/product_cat?post=105724"},{"taxonomy":"product_tag","embeddable":true,"href":"https:\/\/truckdoctor.nl\/fr\/wp-json\/wp\/v2\/product_tag?post=105724"}],"curies":[{"name":"wp","href":"https:\/\/api.w.org\/{rel}","templated":true}]}}