{"id":105568,"date":"2025-01-03T11:19:27","date_gmt":"2025-01-03T10:19:27","guid":{"rendered":"https:\/\/truckdoctor.nl\/product\/ixys-mek-350-02-da\/"},"modified":"2025-01-03T11:19:27","modified_gmt":"2025-01-03T10:19:27","slug":"ixys-mek-350-02-da","status":"publish","type":"product","link":"https:\/\/truckdoctor.nl\/fr\/produit\/ixys-mek-350-02-da\/","title":{"rendered":"IXYS MEK 350-02 DA"},"content":{"rendered":"<p>Diode \u00e0 r\u00e9cup\u00e9ration rapide<\/p>\n","protected":false},"excerpt":{"rendered":"<p>Diode de puissance 365 Amp\u00e8re<\/p>\n","protected":false},"featured_media":103924,"template":"","meta":{"_et_pb_use_builder":"","_et_pb_old_content":"","_et_gb_content_width":"","inline_featured_image":false},"product_brand":[],"product_cat":[322],"product_tag":[250],"class_list":{"0":"post-105568","1":"product","2":"type-product","3":"status-publish","4":"has-post-thumbnail","6":"product_cat-webshop-fr","7":"product_tag-vente","9":"first","10":"instock","11":"taxable","12":"shipping-taxable","13":"purchasable","14":"product-type-simple"},"_links":{"self":[{"href":"https:\/\/truckdoctor.nl\/fr\/wp-json\/wp\/v2\/product\/105568","targetHints":{"allow":["GET"]}}],"collection":[{"href":"https:\/\/truckdoctor.nl\/fr\/wp-json\/wp\/v2\/product"}],"about":[{"href":"https:\/\/truckdoctor.nl\/fr\/wp-json\/wp\/v2\/types\/product"}],"wp:featuredmedia":[{"embeddable":true,"href":"https:\/\/truckdoctor.nl\/fr\/wp-json\/wp\/v2\/media\/103924"}],"wp:attachment":[{"href":"https:\/\/truckdoctor.nl\/fr\/wp-json\/wp\/v2\/media?parent=105568"}],"wp:term":[{"taxonomy":"product_brand","embeddable":true,"href":"https:\/\/truckdoctor.nl\/fr\/wp-json\/wp\/v2\/product_brand?post=105568"},{"taxonomy":"product_cat","embeddable":true,"href":"https:\/\/truckdoctor.nl\/fr\/wp-json\/wp\/v2\/product_cat?post=105568"},{"taxonomy":"product_tag","embeddable":true,"href":"https:\/\/truckdoctor.nl\/fr\/wp-json\/wp\/v2\/product_tag?post=105568"}],"curies":[{"name":"wp","href":"https:\/\/api.w.org\/{rel}","templated":true}]}}