{"id":105496,"date":"2023-01-25T12:45:41","date_gmt":"2023-01-25T11:45:41","guid":{"rendered":"https:\/\/truckdoctor.nl\/product\/3903700225\/"},"modified":"2023-01-25T12:45:41","modified_gmt":"2023-01-25T11:45:41","slug":"3903700225","status":"publish","type":"product","link":"https:\/\/truckdoctor.nl\/fr\/produit\/3903700225\/","title":{"rendered":"3903700225"},"content":{"rendered":"<p>R\u00e9paration ou \u00e9change (entr\u00e9e en stock) Utilis\u00e9 dans la s\u00e9rie Linde 1120<\/p>\n","protected":false},"excerpt":{"rendered":"<p>Num\u00e9ro de l\u2019article&nbsp;: 3903700225<\/p>\n","protected":false},"featured_media":105497,"template":"","meta":{"_et_pb_use_builder":"","_et_pb_old_content":"","_et_gb_content_width":"","inline_featured_image":false},"product_brand":[],"product_cat":[290,668,382],"product_tag":[249],"class_list":{"0":"post-105496","1":"product","2":"type-product","3":"status-publish","4":"has-post-thumbnail","6":"product_cat-fenwick","7":"product_cat-reparation","8":"product_cat-serie-1120-fr","9":"product_tag-reparation","11":"first","12":"instock","13":"taxable","14":"shipping-taxable","15":"purchasable","16":"product-type-simple"},"_links":{"self":[{"href":"https:\/\/truckdoctor.nl\/fr\/wp-json\/wp\/v2\/product\/105496","targetHints":{"allow":["GET"]}}],"collection":[{"href":"https:\/\/truckdoctor.nl\/fr\/wp-json\/wp\/v2\/product"}],"about":[{"href":"https:\/\/truckdoctor.nl\/fr\/wp-json\/wp\/v2\/types\/product"}],"wp:featuredmedia":[{"embeddable":true,"href":"https:\/\/truckdoctor.nl\/fr\/wp-json\/wp\/v2\/media\/105497"}],"wp:attachment":[{"href":"https:\/\/truckdoctor.nl\/fr\/wp-json\/wp\/v2\/media?parent=105496"}],"wp:term":[{"taxonomy":"product_brand","embeddable":true,"href":"https:\/\/truckdoctor.nl\/fr\/wp-json\/wp\/v2\/product_brand?post=105496"},{"taxonomy":"product_cat","embeddable":true,"href":"https:\/\/truckdoctor.nl\/fr\/wp-json\/wp\/v2\/product_cat?post=105496"},{"taxonomy":"product_tag","embeddable":true,"href":"https:\/\/truckdoctor.nl\/fr\/wp-json\/wp\/v2\/product_tag?post=105496"}],"curies":[{"name":"wp","href":"https:\/\/api.w.org\/{rel}","templated":true}]}}