{"id":105473,"date":"2022-09-27T08:32:39","date_gmt":"2022-09-27T07:32:39","guid":{"rendered":"https:\/\/truckdoctor.nl\/product\/51056554\/"},"modified":"2022-09-27T08:32:39","modified_gmt":"2022-09-27T07:32:39","slug":"51056554","status":"publish","type":"product","link":"https:\/\/truckdoctor.nl\/fr\/produit\/51056554\/","title":{"rendered":"S\u00e9curit\u00e9 JPX"},"content":{"rendered":"<p>Module de s\u00e9curit\u00e9 JXP<br \/>Code d\u2019erreur courant E0701<br \/>R\u00e9parer<\/p>\n","protected":false},"excerpt":{"rendered":"<p>Num\u00e9ro de l\u2019article&nbsp;: 51056554<\/p>\n","protected":false},"featured_media":105475,"template":"","meta":{"_et_pb_use_builder":"","_et_pb_old_content":"","_et_gb_content_width":"","inline_featured_image":false},"product_brand":[],"product_cat":[358,302,668],"product_tag":[249],"class_list":{"0":"post-105473","1":"product","2":"type-product","3":"status-publish","4":"has-post-thumbnail","6":"product_cat-eks-208-312-fr","7":"product_cat-jungheinrich-fr","8":"product_cat-reparation","9":"product_tag-reparation","11":"first","12":"instock","13":"taxable","14":"shipping-taxable","15":"purchasable","16":"product-type-simple"},"_links":{"self":[{"href":"https:\/\/truckdoctor.nl\/fr\/wp-json\/wp\/v2\/product\/105473","targetHints":{"allow":["GET"]}}],"collection":[{"href":"https:\/\/truckdoctor.nl\/fr\/wp-json\/wp\/v2\/product"}],"about":[{"href":"https:\/\/truckdoctor.nl\/fr\/wp-json\/wp\/v2\/types\/product"}],"wp:featuredmedia":[{"embeddable":true,"href":"https:\/\/truckdoctor.nl\/fr\/wp-json\/wp\/v2\/media\/105475"}],"wp:attachment":[{"href":"https:\/\/truckdoctor.nl\/fr\/wp-json\/wp\/v2\/media?parent=105473"}],"wp:term":[{"taxonomy":"product_brand","embeddable":true,"href":"https:\/\/truckdoctor.nl\/fr\/wp-json\/wp\/v2\/product_brand?post=105473"},{"taxonomy":"product_cat","embeddable":true,"href":"https:\/\/truckdoctor.nl\/fr\/wp-json\/wp\/v2\/product_cat?post=105473"},{"taxonomy":"product_tag","embeddable":true,"href":"https:\/\/truckdoctor.nl\/fr\/wp-json\/wp\/v2\/product_tag?post=105473"}],"curies":[{"name":"wp","href":"https:\/\/api.w.org\/{rel}","templated":true}]}}