{"id":105463,"date":"2025-01-10T14:49:58","date_gmt":"2025-01-10T13:49:58","guid":{"rendered":"https:\/\/truckdoctor.nl\/product\/immobilizer-0009701500\/"},"modified":"2025-01-10T14:49:58","modified_gmt":"2025-01-10T13:49:58","slug":"immobilizer-0009701500","status":"publish","type":"product","link":"https:\/\/truckdoctor.nl\/fr\/produit\/immobilizer-0009701500\/","title":{"rendered":"Antid\u00e9marrage 0009701500"},"content":{"rendered":"<p>Antid\u00e9marrage, antid\u00e9marrage, divers camions \u00e0 combustion Linde.<br \/>\nNous reprogrammons ce module au r\u00e9glage d\u2019usine.<br \/>\nApr\u00e8s l\u2019assemblage, le calculateur est automatiquement coupl\u00e9.<br \/>\nDe cette fa\u00e7on, un calculateur usag\u00e9 peut \u00eatre mont\u00e9.<\/p>\n","protected":false},"excerpt":{"rendered":"<p>Antid\u00e9marrage, antid\u00e9marrage, divers camions \u00e0 combustion Linde. Nous reprogrammons ce module au r\u00e9glage d\u2019usine. Apr\u00e8s l\u2019assemblage, le calculateur est automatiquement coupl\u00e9. De cette fa\u00e7on, un calculateur usag\u00e9 peut \u00eatre mont\u00e9.<\/p>\n","protected":false},"featured_media":104412,"template":"","meta":{"_et_pb_use_builder":"","_et_pb_old_content":"","_et_gb_content_width":"","inline_featured_image":false},"product_brand":[],"product_cat":[668,343,341,342,344,345],"product_tag":[249],"class_list":{"0":"post-105463","1":"product","2":"type-product","3":"status-publish","4":"has-post-thumbnail","6":"product_cat-reparation","7":"product_cat-serie-391-fr","8":"product_cat-serie-392-fr","9":"product_cat-serie-393-fr","10":"product_cat-serie-394-fr","11":"product_cat-serie-396-fr","12":"product_tag-reparation","14":"first","15":"instock","16":"taxable","17":"shipping-taxable","18":"purchasable","19":"product-type-simple"},"_links":{"self":[{"href":"https:\/\/truckdoctor.nl\/fr\/wp-json\/wp\/v2\/product\/105463","targetHints":{"allow":["GET"]}}],"collection":[{"href":"https:\/\/truckdoctor.nl\/fr\/wp-json\/wp\/v2\/product"}],"about":[{"href":"https:\/\/truckdoctor.nl\/fr\/wp-json\/wp\/v2\/types\/product"}],"wp:featuredmedia":[{"embeddable":true,"href":"https:\/\/truckdoctor.nl\/fr\/wp-json\/wp\/v2\/media\/104412"}],"wp:attachment":[{"href":"https:\/\/truckdoctor.nl\/fr\/wp-json\/wp\/v2\/media?parent=105463"}],"wp:term":[{"taxonomy":"product_brand","embeddable":true,"href":"https:\/\/truckdoctor.nl\/fr\/wp-json\/wp\/v2\/product_brand?post=105463"},{"taxonomy":"product_cat","embeddable":true,"href":"https:\/\/truckdoctor.nl\/fr\/wp-json\/wp\/v2\/product_cat?post=105463"},{"taxonomy":"product_tag","embeddable":true,"href":"https:\/\/truckdoctor.nl\/fr\/wp-json\/wp\/v2\/product_tag?post=105463"}],"curies":[{"name":"wp","href":"https:\/\/api.w.org\/{rel}","templated":true}]}}