{"id":105452,"date":"2025-01-06T11:58:01","date_gmt":"2025-01-06T10:58:01","guid":{"rendered":"https:\/\/truckdoctor.nl\/product\/demineralisatietoestel\/"},"modified":"2025-01-06T11:58:01","modified_gmt":"2025-01-06T10:58:01","slug":"demineralisatietoestel","status":"publish","type":"product","link":"https:\/\/truckdoctor.nl\/fr\/produit\/demineralisatietoestel\/","title":{"rendered":"D\u00e9min\u00e9ralisateurs"},"content":{"rendered":"<p>Dispositif \u00e0 eau d\u00e9min\u00e9ralis\u00e9e, pour filtrer l\u2019eau du robinet en eau d\u00e9min\u00e9ralis\u00e9e qui peut \u00eatre utilis\u00e9e pour recharger vos batteries au plomb humides.<br \/>\nJusqu\u2019\u00e0 2 400 litres d\u2019eau du robinet filtr\u00e9e.<br \/>\nAvec indicateur. Indique si la cartouche doit \u00eatre remplac\u00e9e.<br \/>\nLa cartouche peut \u00eatre command\u00e9e s\u00e9par\u00e9ment. <\/p>\n","protected":false},"excerpt":{"rendered":"<p>Transforme l\u2019eau du robinet en eau d\u00e9min\u00e9ralis\u00e9e pour le remplissage des batteries au plomb\/acide<\/p>\n","protected":false},"featured_media":104167,"template":"","meta":{"_et_pb_use_builder":"","_et_pb_old_content":"","_et_gb_content_width":"","inline_featured_image":false},"product_brand":[],"product_cat":[322],"product_tag":[250],"class_list":{"0":"post-105452","1":"product","2":"type-product","3":"status-publish","4":"has-post-thumbnail","6":"product_cat-webshop-fr","7":"product_tag-vente","8":"product_shipping_class-lourd","10":"first","11":"instock","12":"taxable","13":"shipping-taxable","14":"purchasable","15":"product-type-simple"},"_links":{"self":[{"href":"https:\/\/truckdoctor.nl\/fr\/wp-json\/wp\/v2\/product\/105452","targetHints":{"allow":["GET"]}}],"collection":[{"href":"https:\/\/truckdoctor.nl\/fr\/wp-json\/wp\/v2\/product"}],"about":[{"href":"https:\/\/truckdoctor.nl\/fr\/wp-json\/wp\/v2\/types\/product"}],"wp:featuredmedia":[{"embeddable":true,"href":"https:\/\/truckdoctor.nl\/fr\/wp-json\/wp\/v2\/media\/104167"}],"wp:attachment":[{"href":"https:\/\/truckdoctor.nl\/fr\/wp-json\/wp\/v2\/media?parent=105452"}],"wp:term":[{"taxonomy":"product_brand","embeddable":true,"href":"https:\/\/truckdoctor.nl\/fr\/wp-json\/wp\/v2\/product_brand?post=105452"},{"taxonomy":"product_cat","embeddable":true,"href":"https:\/\/truckdoctor.nl\/fr\/wp-json\/wp\/v2\/product_cat?post=105452"},{"taxonomy":"product_tag","embeddable":true,"href":"https:\/\/truckdoctor.nl\/fr\/wp-json\/wp\/v2\/product_tag?post=105452"}],"curies":[{"name":"wp","href":"https:\/\/api.w.org\/{rel}","templated":true}]}}