{"id":105396,"date":"2015-11-04T16:52:08","date_gmt":"2015-11-04T15:52:08","guid":{"rendered":"https:\/\/truckdoctor.nl\/product\/accelerator\/"},"modified":"2015-11-04T16:52:08","modified_gmt":"2015-11-04T15:52:08","slug":"accelerator","status":"publish","type":"product","link":"https:\/\/truckdoctor.nl\/fr\/produit\/accelerator\/","title":{"rendered":"Acc\u00e9l\u00e9rateur"},"content":{"rendered":"<p>Acc\u00e9l\u00e9rateur Jungheinrich, r\u00e9gulateur de vitesse. R\u00e9paration ou \u00e9change (si en stock)<br \/>R\u00e9paration ou \u00e9change (si en stock) <\/p>\n","protected":false},"excerpt":{"rendered":"<p>Jungheinrich EJC10 12 ELE N\u00b0 d\u2019article&nbsp;: 50005082<\/p>\n","protected":false},"featured_media":109395,"template":"","meta":{"_et_pb_use_builder":"","_et_pb_old_content":"","_et_gb_content_width":"","inline_featured_image":false},"product_brand":[],"product_cat":[303,302,668],"product_tag":[249],"class_list":{"0":"post-105396","1":"product","2":"type-product","3":"status-publish","4":"has-post-thumbnail","6":"product_cat-ejc10-fr","7":"product_cat-jungheinrich-fr","8":"product_cat-reparation","9":"product_tag-reparation","11":"first","12":"instock","13":"taxable","14":"shipping-taxable","15":"purchasable","16":"product-type-simple"},"_links":{"self":[{"href":"https:\/\/truckdoctor.nl\/fr\/wp-json\/wp\/v2\/product\/105396","targetHints":{"allow":["GET"]}}],"collection":[{"href":"https:\/\/truckdoctor.nl\/fr\/wp-json\/wp\/v2\/product"}],"about":[{"href":"https:\/\/truckdoctor.nl\/fr\/wp-json\/wp\/v2\/types\/product"}],"wp:featuredmedia":[{"embeddable":true,"href":"https:\/\/truckdoctor.nl\/fr\/wp-json\/wp\/v2\/media\/109395"}],"wp:attachment":[{"href":"https:\/\/truckdoctor.nl\/fr\/wp-json\/wp\/v2\/media?parent=105396"}],"wp:term":[{"taxonomy":"product_brand","embeddable":true,"href":"https:\/\/truckdoctor.nl\/fr\/wp-json\/wp\/v2\/product_brand?post=105396"},{"taxonomy":"product_cat","embeddable":true,"href":"https:\/\/truckdoctor.nl\/fr\/wp-json\/wp\/v2\/product_cat?post=105396"},{"taxonomy":"product_tag","embeddable":true,"href":"https:\/\/truckdoctor.nl\/fr\/wp-json\/wp\/v2\/product_tag?post=105396"}],"curies":[{"name":"wp","href":"https:\/\/api.w.org\/{rel}","templated":true}]}}