{"id":105212,"date":"2024-11-19T22:55:08","date_gmt":"2024-11-19T21:55:08","guid":{"rendered":"https:\/\/truckdoctor.nl\/?page_id=105212"},"modified":"2025-01-13T22:10:03","modified_gmt":"2025-01-13T21:10:03","slug":"privacy-verklaring","status":"publish","type":"page","link":"https:\/\/truckdoctor.nl\/fr\/privacy-verklaring\/","title":{"rendered":"D\u00e9claration de confidentialit\u00e9"},"content":{"rendered":"<p>[et_pb_section fb_built=&#8221;1&#8243; _builder_version=&#8221;4.27.3&#8243; _module_preset=&#8221;default&#8221; background_color=&#8221;#BA1124&#8243; locked=&#8221;off&#8221; global_colors_info=&#8221;{}&#8221;][et_pb_row _builder_version=&#8221;4.16&#8243; _module_preset=&#8221;default&#8221; global_colors_info=&#8221;{}&#8221;][et_pb_column type=&#8221;4_4&#8243; _builder_version=&#8221;4.16&#8243; _module_preset=&#8221;default&#8221; global_colors_info=&#8221;{}&#8221;][et_pb_text _builder_version=&#8221;4.27.4&#8243; _dynamic_attributes=&#8221;content&#8221; _module_preset=&#8221;default&#8221; text_font=&#8221;|700|||||||&#8221; text_text_color=&#8221;#FFFFFF&#8221; text_font_size=&#8221;50px&#8221; text_line_height=&#8221;1.1em&#8221; text_orientation=&#8221;center&#8221; global_colors_info=&#8221;{}&#8221;]@ET-DC@eyJkeW5hbWljIjp0cnVlLCJjb250ZW50IjoicG9zdF90aXRsZSIsInNldHRpbmdzIjp7ImJlZm9yZSI6IiIsImFmdGVyIjoiIiwiZW5hYmxlX2h0bWwiOiJvZmYifX0=@[\/et_pb_text][\/et_pb_column][\/et_pb_row][\/et_pb_section][et_pb_section fb_built=&#8221;1&#8243; custom_padding_last_edited=&#8221;on|phone&#8221; _builder_version=&#8221;4.21.0&#8243; _module_preset=&#8221;default&#8221; custom_padding=&#8221;100px||100px||true|false&#8221; custom_padding_tablet=&#8221;100px||100px||true|false&#8221; custom_padding_phone=&#8221;10px||10px||true|false&#8221; locked=&#8221;off&#8221; global_colors_info=&#8221;{}&#8221;][et_pb_row column_structure=&#8221;2_3,1_3&#8243; _builder_version=&#8221;4.27.4&#8243; _module_preset=&#8221;default&#8221; background_color=&#8221;#FFFFFF&#8221; width_tablet=&#8221;&#8221; width_phone=&#8221;85%&#8221; width_last_edited=&#8221;on|phone&#8221; global_colors_info=&#8221;{}&#8221;][et_pb_column type=&#8221;2_3&#8243; _builder_version=&#8221;4.21.0&#8243; _module_preset=&#8221;default&#8221; custom_padding=&#8221;40px|45px|40px|45px|true|true&#8221; custom_padding_tablet=&#8221;40px|45px|40px|45px|true|true&#8221; custom_padding_phone=&#8221;40px|20px|40px|20px|true|true&#8221; custom_padding_last_edited=&#8221;on|phone&#8221; border_radii=&#8221;on|10px|10px|10px|10px&#8221; box_shadow_style=&#8221;preset1&#8243; box_shadow_vertical=&#8221;11px&#8221; box_shadow_blur=&#8221;43px&#8221; box_shadow_spread=&#8221;9px&#8221; box_shadow_color=&#8221;rgba(0,0,0,0.07)&#8221; global_colors_info=&#8221;{}&#8221;][et_pb_text _builder_version=&#8221;4.27.4&#8243; _module_preset=&#8221;default&#8221; global_colors_info=&#8221;{}&#8221;]<\/p>\n<h1><strong>D\u00e9claration de confidentialit\u00e9<\/strong><\/h1>\n<p>Les donn\u00e9es personnelles que vous pouvez saisir sur le site ne seront utilis\u00e9es par Truckdoctor lui-m\u00eame qu\u2019aux fins indiqu\u00e9es, telles que r\u00e9pondre \u00e0 des offres d\u2019emploi, des demandes d\u2019informations, des achats ou des services. Nous respectons la l\u00e9gislation applicable en mati\u00e8re de protection de la vie priv\u00e9e. Le site Truckdoctor peut contenir des liens vers d\u2019autres sites. Ces sites peuvent avoir des r\u00e8gles de confidentialit\u00e9 diff\u00e9rentes. La personne concern\u00e9e doit en \u00eatre consciente avant que les donn\u00e9es ne soient fournies.    <\/p>\n<h3><strong>Qu\u2019est-ce qu\u2019un cookie ?<\/strong><\/h3>\n<p>Nous utilisons des cookies sur ce site Web. Un cookie est un simple petit fichier qui est envoy\u00e9 avec les pages de ce site Web <wpcodeself wptype=\"\" wpml_attr_0=\"\"> et stock\u00e9 par votre navigateur sur le disque dur de votre ordinateur. Les informations qui y sont stock\u00e9es peuvent \u00eatre renvoy\u00e9es \u00e0 nos serveurs lors d\u2019une visite ult\u00e9rieure.  <\/p>\n<h3><strong>Utilisation de cookies de session<\/strong><\/h3>\n<p>\u00c0 l\u2019aide d\u2019un cookie de session, nous pouvons voir quelles parties du site Web vous avez consult\u00e9es au cours de cette visite. Cela nous permet d\u2019adapter au maximum notre service au comportement de navigation de nos visiteurs. Ces cookies sont automatiquement supprim\u00e9s d\u00e8s que vous fermez votre navigateur web.  <\/p>\n<h3><strong>Google Analytique<\/strong><\/h3>\n<p>Un cookie de la soci\u00e9t\u00e9 am\u00e9ricaine Google est d\u00e9pos\u00e9 via notre site internet, dans le cadre du service \u00ab Analytics \u00bb. Nous utilisons ce service pour surveiller et recevoir des rapports sur la fa\u00e7on dont les visiteurs utilisent le site Web. Google peut fournir ces informations \u00e0 des tiers si Google est l\u00e9galement tenu de le faire, ou dans la mesure o\u00f9 des tiers traitent les informations pour le compte de Google. Nous n\u2019avons aucune influence \u00e0 ce sujet. Nous n\u2019avons pas autoris\u00e9 Google \u00e0 utiliser les informations d\u2019analyse obtenues pour d\u2019autres services Google.<br \/>\nLes informations collect\u00e9es par Google sont anonymis\u00e9es autant que possible. Votre adresse IP n\u2019est explicitement pas fournie. Les informations sont transf\u00e9r\u00e9es et stock\u00e9es par Google sur des serveurs aux \u00c9tats-Unis. Google d\u00e9clare qu\u2019il adh\u00e8re aux principes de la sph\u00e8re de s\u00e9curit\u00e9 et qu\u2019il est affili\u00e9 au programme Safe Harbor du minist\u00e8re am\u00e9ricain du Commerce. Cela signifie qu\u2019il existe un niveau de protection ad\u00e9quat pour le traitement de toutes les donn\u00e9es personnelles.        <\/p>\n<h3><strong>Droit d\u2019acc\u00e8s et de rectification ou de suppression de vos donn\u00e9es<\/strong><\/h3>\n<p>Vous avez le droit de demander l\u2019acc\u00e8s \u00e0 vos donn\u00e9es, leur rectification ou leur suppression. Consultez notre page de contact pour cela. Pour \u00e9viter les abus, nous pouvons vous demander de vous identifier de mani\u00e8re ad\u00e9quate. Lorsqu\u2019il s\u2019agit d\u2019acc\u00e9der \u00e0 des donn\u00e9es personnelles li\u00e9es \u00e0 un cookie, vous devez envoyer une copie du cookie en question. Vous pouvez les trouver dans les param\u00e8tres de votre navigateur.    <\/p>\n<p><h3><strong>Activation, d\u00e9sactivation et suppression des cookies<\/strong><\/h3>\n<p>Vous trouverez de plus amples informations sur l\u2019activation, la d\u00e9sactivation et la suppression des cookies dans les instructions et\/ou \u00e0 l\u2019aide de la fonction d\u2019aide de votre navigateur.[\/et_pb_text][\/et_pb_column][et_pb_column type=&#8221;1_3&#8243; _builder_version=&#8221;4.27.4&#8243; _module_preset=&#8221;default&#8221; custom_padding=&#8221;25px|20px|25px|20px|true|true&#8221; sticky_position=&#8221;top&#8221; sticky_offset_top=&#8221;150px&#8221; sticky_limit_bottom=&#8221;row&#8221; motion_trigger_start=&#8221;top&#8221; sticky_position_tablet=&#8221;none&#8221; sticky_position_phone=&#8221;none&#8221; sticky_position_last_edited=&#8221;on|desktop&#8221; border_radii=&#8221;on|6px|6px|6px|6px&#8221; border_width_all=&#8221;1.5px&#8221; border_color_all=&#8221;#eeeeee&#8221; global_colors_info=&#8221;{}&#8221;][et_pb_text _builder_version=&#8221;4.27.4&#8243; _module_preset=&#8221;default&#8221; text_font_size=&#8221;13px&#8221; text_line_height=&#8221;1.9em&#8221; header_font=&#8221;&#8211;et_global_heading_font||||||||&#8221; header_3_font=&#8221;|700|||||||&#8221; header_3_font_size=&#8221;23px&#8221; header_3_line_height=&#8221;1.3em&#8221; custom_margin=&#8221;||15px||false|false&#8221; global_colors_info=&#8221;{}&#8221;]<\/p>\n<h3>Vous avez <span style=\"color: #ba1124;\">des questions ? <\/span> <\/h3>\n<p>N\u2019h\u00e9sitez pas \u00e0 nous contacter \u00e0 l\u2019aide du bouton ci-dessous et nous ferons tout notre possible pour r\u00e9pondre \u00e0 votre question dans les plus brefs d\u00e9lais.[\/et_pb_text][et_pb_button button_url=&#8221;@ET-DC@eyJkeW5hbWljIjp0cnVlLCJjb250ZW50IjoicG9zdF9saW5rX3VybF9wYWdlIiwic2V0dGluZ3MiOnsicG9zdF9pZCI6IjkzMDI4IiwiZW5hYmxlX2h0bWwiOiJvZmYifX0=@&#8221; button_text=&#8221;Contact&#8221; _builder_version=&#8221;4.27.4&#8243; _dynamic_attributes=&#8221;button_url&#8221; _module_preset=&#8221;1d9393ff-2d90-4c18-bac4-cc53f3441be0&#8243; button_text_size=&#8221;12px&#8221; custom_margin=&#8221;||||false|false&#8221; custom_padding=&#8221;9px|35px|9px|20px|true|false&#8221; global_colors_info=&#8221;{}&#8221;][\/et_pb_button][\/et_pb_column][\/et_pb_row][\/et_pb_section]<\/p>\n","protected":false},"excerpt":{"rendered":"<p>D\u00e9claration de confidentialit\u00e9 Les donn\u00e9es personnelles que vous pouvez saisir sur le site ne seront utilis\u00e9es par Truckdoctor lui-m\u00eame qu\u2019aux fins indiqu\u00e9es, telles que r\u00e9pondre \u00e0 des offres d\u2019emploi, des demandes d\u2019informations, des achats ou des services. Nous respectons la l\u00e9gislation applicable en mati\u00e8re de protection de la vie priv\u00e9e. Le site Truckdoctor peut contenir [&hellip;]<\/p>\n","protected":false},"author":1,"featured_media":0,"parent":0,"menu_order":0,"comment_status":"closed","ping_status":"closed","template":"","meta":{"_et_pb_use_builder":"on","_et_pb_old_content":"","_et_gb_content_width":"","inline_featured_image":false,"footnotes":""},"class_list":["post-105212","page","type-page","status-publish","hentry"],"_links":{"self":[{"href":"https:\/\/truckdoctor.nl\/fr\/wp-json\/wp\/v2\/pages\/105212","targetHints":{"allow":["GET"]}}],"collection":[{"href":"https:\/\/truckdoctor.nl\/fr\/wp-json\/wp\/v2\/pages"}],"about":[{"href":"https:\/\/truckdoctor.nl\/fr\/wp-json\/wp\/v2\/types\/page"}],"author":[{"embeddable":true,"href":"https:\/\/truckdoctor.nl\/fr\/wp-json\/wp\/v2\/users\/1"}],"replies":[{"embeddable":true,"href":"https:\/\/truckdoctor.nl\/fr\/wp-json\/wp\/v2\/comments?post=105212"}],"version-history":[{"count":3,"href":"https:\/\/truckdoctor.nl\/fr\/wp-json\/wp\/v2\/pages\/105212\/revisions"}],"predecessor-version":[{"id":105430,"href":"https:\/\/truckdoctor.nl\/fr\/wp-json\/wp\/v2\/pages\/105212\/revisions\/105430"}],"wp:attachment":[{"href":"https:\/\/truckdoctor.nl\/fr\/wp-json\/wp\/v2\/media?parent=105212"}],"curies":[{"name":"wp","href":"https:\/\/api.w.org\/{rel}","templated":true}]}}