{"id":103706,"date":"2022-12-21T15:36:22","date_gmt":"2022-12-21T14:36:22","guid":{"rendered":"https:\/\/truckdoctor.nl\/?page_id=103706"},"modified":"2025-01-13T16:14:05","modified_gmt":"2025-01-13T15:14:05","slug":"mon-compte","status":"publish","type":"page","link":"https:\/\/truckdoctor.nl\/fr\/mon-compte\/","title":{"rendered":"Mon compte"},"content":{"rendered":"<p>[et_pb_section fb_built=&#8221;1&#8243; _builder_version=&#8221;4.27.4&#8243; _module_preset=&#8221;default&#8221; background_color=&#8221;#BA1124&#8243; z_index=&#8221;500&#8243; display_conditions=&#8221;W3siaWQiOiJhNGJmZWFiMy1jMWYzLTRkM2MtOGMyZi1hNGVlYTI1ZTI4YzkiLCJjb25kaXRpb24iOiJsb2dnZWRJblN0YXR1cyIsImNvbmRpdGlvblNldHRpbmdzIjp7ImRpc3BsYXlSdWxlIjoibG9nZ2VkSW4iLCJhZG1pbkxhYmVsIjoiU2hvdyBPbmx5IElmIFVzZXIgaXMgTG9nZ2VkIiwiZW5hYmxlQ29uZGl0aW9uIjoib24ifSwib3BlcmF0b3IiOiJPUiJ9XQ==&#8221; locked=&#8221;off&#8221; global_colors_info=&#8221;{}&#8221;][et_pb_row _builder_version=&#8221;4.16&#8243; _module_preset=&#8221;default&#8221; global_colors_info=&#8221;{}&#8221;][et_pb_column type=&#8221;4_4&#8243; _builder_version=&#8221;4.16&#8243; _module_preset=&#8221;default&#8221; global_colors_info=&#8221;{}&#8221;][et_pb_text _builder_version=&#8221;4.27.4&#8243; _module_preset=&#8221;default&#8221; text_font=&#8221;||||||||&#8221; text_text_color=&#8221;#ffffff&#8221; text_font_size=&#8221;15px&#8221; text_letter_spacing=&#8221;1px&#8221; text_line_height=&#8221;1.8em&#8221; header_3_font=&#8221;|700|||||||&#8221; header_3_text_color=&#8221;#ffffff&#8221; header_3_font_size=&#8221;55px&#8221; text_orientation=&#8221;center&#8221; width=&#8221;55%&#8221; width_tablet=&#8221;95%&#8221; width_phone=&#8221;100%&#8221; width_last_edited=&#8221;on|phone&#8221; module_alignment=&#8221;center&#8221; custom_margin=&#8221;||0px||false|false&#8221; custom_margin_last_edited=&#8221;off|desktop&#8221; scroll_vertical_motion_enable=&#8221;on&#8221; scroll_vertical_motion=&#8221;0|90|90|100|0|0|0.5&#8243; scroll_fade_enable=&#8221;on&#8221; scroll_fade=&#8221;0|90|90|100|100%|100%|0%&#8221; scroll_blur_enable=&#8221;on&#8221; scroll_blur=&#8221;0|90|90|100|0px|0px|5px&#8221; motion_trigger_start=&#8221;top&#8221; hover_enabled=&#8221;0&#8243; text_font_size_tablet=&#8221;15px&#8221; text_font_size_phone=&#8221;13px&#8221; text_font_size_last_edited=&#8221;on|phone&#8221; header_3_font_size_tablet=&#8221;55px&#8221; header_3_font_size_phone=&#8221;31px&#8221; header_3_font_size_last_edited=&#8221;on|phone&#8221; global_colors_info=&#8221;{}&#8221; sticky_enabled=&#8221;0&#8243;]<\/p>\n<h3>Mon compte<\/h3>\n<p>[\/et_pb_text][et_pb_text _builder_version=&#8221;4.27.4&#8243; _module_preset=&#8221;default&#8221; text_font=&#8221;||||||||&#8221; text_text_color=&#8221;#ffffff&#8221; text_font_size=&#8221;15px&#8221; text_letter_spacing=&#8221;1px&#8221; text_line_height=&#8221;1.8em&#8221; header_3_font=&#8221;|700|||||||&#8221; header_3_text_color=&#8221;#ffffff&#8221; header_3_font_size=&#8221;55px&#8221; text_orientation=&#8221;center&#8221; width=&#8221;55%&#8221; width_tablet=&#8221;95%&#8221; width_phone=&#8221;100%&#8221; width_last_edited=&#8221;on|phone&#8221; module_alignment=&#8221;center&#8221; custom_margin=&#8221;||0px||false|false&#8221; custom_margin_last_edited=&#8221;off|desktop&#8221; scroll_vertical_motion_enable=&#8221;on&#8221; scroll_vertical_motion=&#8221;0|90|90|100|0|0|0.5&#8243; scroll_fade_enable=&#8221;on&#8221; scroll_fade=&#8221;0|90|90|100|100%|100%|0%&#8221; scroll_blur_enable=&#8221;on&#8221; scroll_blur=&#8221;0|90|90|100|0px|0px|5px&#8221; motion_trigger_start=&#8221;top&#8221; hover_enabled=&#8221;0&#8243; text_font_size_tablet=&#8221;15px&#8221; text_font_size_phone=&#8221;13px&#8221; text_font_size_last_edited=&#8221;on|phone&#8221; header_3_font_size_tablet=&#8221;55px&#8221; header_3_font_size_phone=&#8221;31px&#8221; header_3_font_size_last_edited=&#8221;on|phone&#8221; global_colors_info=&#8221;{}&#8221; sticky_enabled=&#8221;0&#8243; display_conditions=&#8221;W3siaWQiOiJiMzFiNTFhYi0zYjMzLTRkYWItYTE4YS0wZTVkM2FlMjFhYjYiLCJjb25kaXRpb24iOiJsb2dnZWRJblN0YXR1cyIsImNvbmRpdGlvblNldHRpbmdzIjp7ImRpc3BsYXlSdWxlIjoibG9nZ2VkSW4iLCJhZG1pbkxhYmVsIjoiTG9nZ2VkIEluIFN0YXR1cyIsImVuYWJsZUNvbmRpdGlvbiI6Im9uIn0sIm9wZXJhdG9yIjoiT1IifV0=&#8221;]<\/p>\n<p>Il s\u2019agit du tableau de bord de votre compte personnel. Vous pouvez y consulter votre liste de souhaits, les commandes pass\u00e9es et vos donn\u00e9es personnelles. <\/p>\n<p>[\/et_pb_text][et_pb_blurb use_icon=&#8221;on&#8221; font_icon=&#8221;&#x75;||divi||400&#8243; icon_color=&#8221;#FFFFFF&#8221; image_icon_width=&#8221;20px&#8221; icon_alignment=&#8221;left&#8221; image_icon_width_last_edited=&#8221;off|desktop&#8221; _builder_version=&#8221;4.19.4&#8243; _module_preset=&#8221;default&#8221; body_font=&#8221;|600|||||||&#8221; body_text_color=&#8221;#FFFFFF&#8221; body_line_height=&#8221;1.6em&#8221; background_color=&#8221;#FF8057&#8243; positioning=&#8221;fixed&#8221; position_origin_a=&#8221;bottom_left&#8221; position_origin_f=&#8221;bottom_right&#8221; vertical_offset=&#8221;20px&#8221; horizontal_offset=&#8221;20px&#8221; width=&#8221;50px&#8221; width_last_edited=&#8221;off|desktop&#8221; height=&#8221;50px&#8221; custom_padding=&#8221;15px|15px|15px|15px|true|true&#8221; border_radii=&#8221;on|100px|100px|100px|100px&#8221; box_shadow_style=&#8221;preset1&#8243; box_shadow_vertical=&#8221;12px&#8221; box_shadow_blur=&#8221;24px&#8221; box_shadow_color=&#8221;rgba(0,0,0,0.18)&#8221; icon_font_size=&#8221;20px&#8221; icon_font_size__hover=&#8221;29px&#8221; icon_font_size__hover_enabled=&#8221;on|desktop&#8221; icon_font_size_last_edited=&#8221;off|desktop&#8221; locked=&#8221;off&#8221; global_colors_info=&#8221;{}&#8221; border_radii__hover_enabled=&#8221;on|desktop&#8221; border_radii__hover=&#8221;on|7px|7px|7px|7px&#8221; width__hover_enabled=&#8221;on|hover&#8221; width__hover=&#8221;230px&#8221; height__hover_enabled=&#8221;on|hover&#8221; height__hover=&#8221;205px&#8221; vertical_offset__hover_enabled=&#8221;off|hover&#8221; vertical_offset__hover=&#8221;20px&#8221; image_icon_width__hover=&#8221;29px&#8221; image_icon_width__hover_enabled=&#8221;on|desktop&#8221;]<\/p>\n<p>Cet espace de compte utilise le shortcode standard Woo My Account et ne n\u00e9cessite pas l\u2019installation du plugin WSHK.<\/p>\n<p>[\/et_pb_blurb][\/et_pb_column][\/et_pb_row][\/et_pb_section][et_pb_section fb_built=&#8221;1&#8243; module_class=&#8221;molti-account-area molti-account-area-2 &#8221; _builder_version=&#8221;4.19.4&#8243; _module_preset=&#8221;default&#8221; background_color=&#8221;rgba(238,238,238,0.33)&#8221; display_conditions=&#8221;W3siaWQiOiJhNGJmZWFiMy1jMWYzLTRkM2MtOGMyZi1hNGVlYTI1ZTI4YzkiLCJjb25kaXRpb24iOiJsb2dnZWRJblN0YXR1cyIsImNvbmRpdGlvblNldHRpbmdzIjp7ImRpc3BsYXlSdWxlIjoibG9nZ2VkSW4iLCJhZG1pbkxhYmVsIjoiU2hvdyBPbmx5IElmIFVzZXIgaXMgTG9nZ2VkIiwiZW5hYmxlQ29uZGl0aW9uIjoib24ifSwib3BlcmF0b3IiOiJPUiJ9XQ==&#8221; global_colors_info=&#8221;{}&#8221;][et_pb_row _builder_version=&#8221;4.19.4&#8243; _module_preset=&#8221;default&#8221; global_colors_info=&#8221;{}&#8221;][et_pb_column type=&#8221;4_4&#8243; _builder_version=&#8221;4.19.4&#8243; _module_preset=&#8221;default&#8221; global_colors_info=&#8221;{}&#8221;][et_pb_text _builder_version=&#8221;4.27.4&#8243; _module_preset=&#8221;default&#8221; global_colors_info=&#8221;{}&#8221;]<\/p>\n<div class=\"woocommerce\"><\/div>\n<p>[\/et_pb_text][\/et_pb_column][\/et_pb_row][\/et_pb_section][et_pb_section fb_built=&#8221;1&#8243; custom_padding_last_edited=&#8221;off|tablet&#8221; admin_label=&#8221;Section&#8221; module_class=&#8221;molti-login-area&#8221; _builder_version=&#8221;4.27.0&#8243; _module_preset=&#8221;default&#8221; display_conditions=&#8221;W3siaWQiOiI0ZmM3YzdjYy1mZjFjLTRhZjgtYTQyMS00MTk0YTljNjI2NjMiLCJjb25kaXRpb24iOiJsb2dnZWRJblN0YXR1cyIsImNvbmRpdGlvblNldHRpbmdzIjp7ImRpc3BsYXlSdWxlIjoibG9nZ2VkT3V0IiwiYWRtaW5MYWJlbCI6IlNob3cgT25seSBJZiBVc2VyIElzIE5vdCBMb2dnZWQgSW4iLCJlbmFibGVDb25kaXRpb24iOiJvbiJ9LCJvcGVyYXRvciI6Ik9SIn1d&#8221; custom_margin=&#8221;||||false|false&#8221; custom_margin_tablet=&#8221;||70px||false|false&#8221; custom_margin_phone=&#8221;||0px||false|false&#8221; custom_margin_last_edited=&#8221;off|desktop&#8221; custom_padding=&#8221;0px||0px||true|false&#8221; custom_padding_tablet=&#8221;0px||||false|false&#8221; locked=&#8221;off&#8221; global_colors_info=&#8221;{}&#8221;][et_pb_row column_structure=&#8221;1_2,1_2&#8243; make_equal=&#8221;on&#8221; custom_padding_last_edited=&#8221;on|phone&#8221; _builder_version=&#8221;4.27.4&#8243; _module_preset=&#8221;default&#8221; width=&#8221;95%&#8221; max_width=&#8221;1300px&#8221; custom_padding=&#8221;||30px||false|false&#8221; custom_padding_tablet=&#8221;||30px||false|false&#8221; custom_padding_phone=&#8221;0px||0px||true|false&#8221; border_radii=&#8221;off||||&#8221; global_colors_info=&#8221;{}&#8221;][et_pb_column type=&#8221;1_2&#8243; disabled_on=&#8221;on|on|off&#8221; _builder_version=&#8221;4.27.4&#8243; _module_preset=&#8221;default&#8221; background_color=&#8221;#BA1124&#8243; background_image=&#8221;https:\/\/truckdoctor.nl\/wp-content\/uploads\/2024\/11\/Molti-background.jpg&#8221; background_position=&#8221;bottom_right&#8221; background_blend=&#8221;overlay&#8221; custom_padding=&#8221;125px|30px|125px|30px|true|true&#8221; border_radii=&#8221;on|10px|10px|10px|10px&#8221; global_colors_info=&#8221;{}&#8221;][et_pb_image src=&#8221;https:\/\/truckdoctor.nl\/wp-content\/uploads\/nc\/images\/stories\/virtuemart\/category\/ATLET-UNS-UHS-UHH.png&#8221; title_text=&#8221;ATLET UNS-UHS-UHH.png&#8221; align=&#8221;center&#8221; _builder_version=&#8221;4.27.4&#8243; _module_preset=&#8221;default&#8221; width=&#8221;60%&#8221; module_alignment=&#8221;center&#8221; custom_margin=&#8221;||||false|false&#8221; hover_enabled=&#8221;0&#8243; global_colors_info=&#8221;{}&#8221; alt=&#8221;Ergo UNS, UHS, UHH&#8221; sticky_enabled=&#8221;0&#8243;][\/et_pb_image][et_pb_text _builder_version=&#8221;4.27.0&#8243; _module_preset=&#8221;default&#8221; header_3_font=&#8221;|700|||||||&#8221; header_3_text_color=&#8221;#FFFFFF&#8221; header_3_font_size=&#8221;30px&#8221; header_3_line_height=&#8221;1.4em&#8221; custom_margin=&#8221;||5px||false|false&#8221; hover_enabled=&#8221;0&#8243; global_colors_info=&#8221;{}&#8221; sticky_enabled=&#8221;0&#8243;]<\/p>\n<h3 style=\"text-align: center;\">Vous n\u2019avez pas encore de compte ?<\/h3>\n<p>[\/et_pb_text][et_pb_text _builder_version=&#8221;4.27.4&#8243; _module_preset=&#8221;default&#8221; text_text_color=&#8221;#FFFFFF&#8221; text_font_size=&#8221;15px&#8221; text_line_height=&#8221;1.9em&#8221; width=&#8221;90%&#8221; module_alignment=&#8221;center&#8221; hover_enabled=&#8221;0&#8243; global_colors_info=&#8221;{}&#8221; sticky_enabled=&#8221;0&#8243;]<\/p>\n<p style=\"text-align: center;\">Cr\u00e9ez-en un d\u00e8s aujourd\u2019hui et profitez d\u2019offres exclusives et de commandes faciles.\n<\/p>\n<p>[\/et_pb_text][\/et_pb_column][et_pb_column type=&#8221;1_2&#8243; _builder_version=&#8221;4.16&#8243; _module_preset=&#8221;default&#8221; custom_padding=&#8221;100px|100px|100px||true|false&#8221; custom_padding_tablet=&#8221;|50px||50px|false|true&#8221; custom_padding_phone=&#8221;|25px||25px|false|true&#8221; custom_padding_last_edited=&#8221;on|phone&#8221; custom_css_main_element=&#8221;text-align:center;&#8221; global_colors_info=&#8221;{}&#8221;][et_pb_text module_class=&#8221;login-text&#8221; _builder_version=&#8221;4.27.4&#8243; _module_preset=&#8221;default&#8221; header_3_font=&#8221;|700|||||||&#8221; custom_margin=&#8221;||15px||false|false&#8221; custom_margin_tablet=&#8221;&#8221; custom_margin_phone=&#8221;-10px||||false|false&#8221; custom_margin_last_edited=&#8221;on|phone&#8221; hover_enabled=&#8221;0&#8243; global_colors_info=&#8221;{}&#8221; sticky_enabled=&#8221;0&#8243;]<\/p>\n<h3>Connectez-vous \u00e0 votre <span style=\"color: #ba1124;\">compte<\/span><\/h3>\n<p>[\/et_pb_text][et_pb_text module_class=&#8221;login-text&#8221; _builder_version=&#8221;4.27.4&#8243; _module_preset=&#8221;default&#8221; text_font=&#8221;|600|||||||&#8221; text_font_size=&#8221;13px&#8221; background_color=&#8221;rgba(186,17,36,0.1)&#8221; custom_padding=&#8221;15px|20px|15px|20px|true|true&#8221; hover_enabled=&#8221;0&#8243; border_radii=&#8221;on|10px|10px|10px|10px&#8221; global_colors_info=&#8221;{}&#8221; sticky_enabled=&#8221;0&#8243;]<\/p>\n<p class=\"p1\">Utilisez vos identifiants de connexion pour acc\u00e9der \u00e0 votre compte et consulter la gamme. Alors commencez \u00e0 magasiner tout de suite ! <\/p>\n<p>[\/et_pb_text][et_pb_text module_class=&#8221;reg-text&#8221; _builder_version=&#8221;4.27.4&#8243; _module_preset=&#8221;default&#8221; header_3_font=&#8221;|700|||||||&#8221; custom_margin=&#8221;||-20px||false|false&#8221; custom_margin_tablet=&#8221;&#8221; custom_margin_phone=&#8221;-10px||||false|false&#8221; custom_margin_last_edited=&#8221;on|phone&#8221; hover_enabled=&#8221;0&#8243; global_colors_info=&#8221;{}&#8221; sticky_enabled=&#8221;0&#8243;]<\/p>\n<h3>Cr\u00e9er un <span style=\"color: #ba1124;\">compte<\/span><\/h3>\n<p>[\/et_pb_text][et_pb_text _builder_version=&#8221;4.16&#8243; _module_preset=&#8221;default&#8221; background_color=&#8221;rgba(255,128,87,0.13)&#8221; z_index=&#8221;-1&#8243; text_orientation=&#8221;center&#8221; width=&#8221;100%&#8221; height=&#8221;50px&#8221; custom_margin=&#8221;40px||-56px||false|false&#8221; custom_padding=&#8221;32px|15px|32px|15px|true|true&#8221; border_radii=&#8221;on|100px|100px|100px|100px&#8221; locked=&#8221;off&#8221; global_colors_info=&#8221;{}&#8221;][\/et_pb_text][et_pb_button button_url=&#8221;#lg&#8221; button_text=&#8221;CONNEXION AU COMPTE&#8221; button_text_tablet=&#8221;CONNECTEZ-VOUS \u00c0 VOTRE COMPTE&#8221; button_text_phone=&#8221;CONNECTEZ-VOUS&#8221; button_text_last_edited=&#8221;on|phone&#8221; admin_label=&#8221;Button&#8221; module_class=&#8221;molti-login-button active-blog&#8221; _builder_version=&#8221;4.27.4&#8243; _module_preset=&#8221;_initial&#8221; custom_button=&#8221;on&#8221; button_text_size=&#8221;13px&#8221; button_text_color=&#8221;rgba(0,0,0,0.66)&#8221; button_bg_color=&#8221;rgba(0,0,0,0)&#8221; button_border_radius=&#8221;100px&#8221; button_letter_spacing=&#8221;0.3px&#8221; button_font=&#8221;|700|||||||&#8221; button_use_icon=&#8221;off&#8221; z_index=&#8221;10&#8243; custom_margin=&#8221;-58px||-48px|7px|false|false&#8221; custom_margin_tablet=&#8221;&#8221; custom_margin_phone=&#8221;|||8px|false|false&#8221; custom_margin_last_edited=&#8221;on|phone&#8221; custom_padding=&#8221;14px||14px||true|true&#8221; hover_enabled=&#8221;0&#8243; custom_css_main_element=&#8221;width:48% !Important;||text-align:center;||float:left;&#8221; locked=&#8221;off&#8221; global_colors_info=&#8221;{}&#8221; box_shadow_vertical__hover=&#8221;15px&#8221; box_shadow_vertical__hover_enabled=&#8221;off|desktop&#8221; box_shadow_blur__hover=&#8221;30px&#8221; box_shadow_blur__hover_enabled=&#8221;on|hover&#8221; button_bg_color__hover_enabled=&#8221;off|desktop&#8221; button_text_color__hover_enabled=&#8221;off|hover&#8221; button_text_color__hover=&#8221;#000000&#8243; sticky_enabled=&#8221;0&#8243;][\/et_pb_button][et_pb_button button_url=&#8221;#rg&#8221; button_text=&#8221;CR\u00c9ER UN COMPTE&#8221; button_text_tablet=&#8221;CR\u00c9ER UN COMPTE&#8221; button_text_phone=&#8221;REGISTRE&#8221; button_text_last_edited=&#8221;on|phone&#8221; module_class=&#8221;molti-register-button&#8221; _builder_version=&#8221;4.27.4&#8243; _module_preset=&#8221;_initial&#8221; custom_button=&#8221;on&#8221; button_text_size=&#8221;13px&#8221; button_text_color=&#8221;rgba(0,0,0,0.66)&#8221; button_bg_color=&#8221;rgba(0,0,0,0)&#8221; button_border_radius=&#8221;100px&#8221; button_letter_spacing=&#8221;0.3px&#8221; button_font=&#8221;|700|||||||&#8221; button_use_icon=&#8221;off&#8221; z_index=&#8221;10&#8243; custom_margin=&#8221;-91px|8px|-48px||false|false&#8221; custom_margin_tablet=&#8221;&#8221; custom_margin_phone=&#8221;|||15px|false|false&#8221; custom_margin_last_edited=&#8221;on|phone&#8221; custom_padding=&#8221;14px||14px||true|true&#8221; hover_enabled=&#8221;0&#8243; custom_css_main_element=&#8221;width:50% !Important;||text-align:center;||float:right;&#8221; locked=&#8221;off&#8221; global_colors_info=&#8221;{}&#8221; box_shadow_vertical__hover=&#8221;15px&#8221; box_shadow_vertical__hover_enabled=&#8221;off|desktop&#8221; transform_styles__hover_enabled=&#8221;on|hover&#8221; box_shadow_blur__hover=&#8221;30px&#8221; box_shadow_blur__hover_enabled=&#8221;on|hover&#8221; button_bg_color__hover_enabled=&#8221;off|desktop&#8221; button_text_color__hover_enabled=&#8221;off|hover&#8221; button_text_color__hover=&#8221;#000000&#8243; sticky_enabled=&#8221;0&#8243;][\/et_pb_button][et_pb_code admin_label=&#8221;Code&#8221; _builder_version=&#8221;4.23.4&#8243; _module_preset=&#8221;default&#8221; z_index=&#8221;2&#8243; text_orientation=&#8221;left&#8221; custom_margin=&#8221;110px||-133px||false|false&#8221; custom_margin_tablet=&#8221;||0px||false|false&#8221; custom_margin_phone=&#8221;||0px||false|false&#8221; custom_margin_last_edited=&#8221;on|tablet&#8221; custom_css_main_element=&#8221;-webkit-animation: fade-in-bottom 0.3s cubic-bezier(0.390, 0.575, 0.565, 1.000) both;||\t        animation: fade-in-bottom 0.3s cubic-bezier(0.390, 0.575, 0.565, 1.000) both;&#8221; global_colors_info=&#8221;{}&#8221;]<div class=\"woocommerce\"><\/div>[\/et_pb_code][et_pb_button button_url=&#8221;https:\/\/truckdoctor.nl\/reset-password\/&#8221; button_text=&#8221;Mot de passe oubli\u00e9 ?&#8221; module_class=&#8221;login-text&#8221; _builder_version=&#8221;4.27.0&#8243; _module_preset=&#8221;_initial&#8221; custom_button=&#8221;on&#8221; button_text_size=&#8221;16px&#8221; button_text_color=&#8221;#000000&#8243; button_bg_color=&#8221;RGBA(0,0,0,0)&#8221; button_border_radius=&#8221;5px&#8221; button_font=&#8221;|600|||||||&#8221; button_use_icon=&#8221;off&#8221; z_index=&#8221;100&#8243; custom_margin=&#8221;||||false|false&#8221; custom_padding=&#8221;11px|30px|11px|30px|true|true&#8221; global_colors_info=&#8221;{}&#8221; box_shadow_vertical__hover=&#8221;15px&#8221; box_shadow_vertical__hover_enabled=&#8221;on|hover&#8221; transform_styles__hover_enabled=&#8221;on|hover&#8221; box_shadow_blur__hover=&#8221;30px&#8221; box_shadow_blur__hover_enabled=&#8221;on|hover&#8221; button_bg_color__hover_enabled=&#8221;on|hover&#8221; button_bg_color__hover=&#8221;rgba(238,238,238,0.52)&#8221; button_bg_enable_color__hover=&#8221;on&#8221;][\/et_pb_button][\/et_pb_column][\/et_pb_row][\/et_pb_section]<\/p>\n","protected":false},"excerpt":{"rendered":"<p>Mon compte Il s\u2019agit du tableau de bord de votre compte personnel. Vous pouvez y consulter votre liste de souhaits, les commandes pass\u00e9es et vos donn\u00e9es personnelles. Cet espace de compte utilise le shortcode standard Woo My Account et ne n\u00e9cessite pas l\u2019installation du plugin WSHK.<div class=\"woocommerce\"><\/div>Vous n\u2019avez pas encore de compte ?Cr\u00e9ez-en un d\u00e8s aujourd\u2019hui [&hellip;]<\/p>\n","protected":false},"author":1,"featured_media":0,"parent":0,"menu_order":0,"comment_status":"closed","ping_status":"closed","template":"","meta":{"_et_pb_use_builder":"on","_et_pb_old_content":"","_et_gb_content_width":"","inline_featured_image":false,"footnotes":""},"class_list":["post-103706","page","type-page","status-publish","hentry"],"_links":{"self":[{"href":"https:\/\/truckdoctor.nl\/fr\/wp-json\/wp\/v2\/pages\/103706","targetHints":{"allow":["GET"]}}],"collection":[{"href":"https:\/\/truckdoctor.nl\/fr\/wp-json\/wp\/v2\/pages"}],"about":[{"href":"https:\/\/truckdoctor.nl\/fr\/wp-json\/wp\/v2\/types\/page"}],"author":[{"embeddable":true,"href":"https:\/\/truckdoctor.nl\/fr\/wp-json\/wp\/v2\/users\/1"}],"replies":[{"embeddable":true,"href":"https:\/\/truckdoctor.nl\/fr\/wp-json\/wp\/v2\/comments?post=103706"}],"version-history":[{"count":1,"href":"https:\/\/truckdoctor.nl\/fr\/wp-json\/wp\/v2\/pages\/103706\/revisions"}],"predecessor-version":[{"id":105273,"href":"https:\/\/truckdoctor.nl\/fr\/wp-json\/wp\/v2\/pages\/103706\/revisions\/105273"}],"wp:attachment":[{"href":"https:\/\/truckdoctor.nl\/fr\/wp-json\/wp\/v2\/media?parent=103706"}],"curies":[{"name":"wp","href":"https:\/\/api.w.org\/{rel}","templated":true}]}}